{"id":1498,"date":"2025-09-23T09:35:11","date_gmt":"2025-09-23T09:35:11","guid":{"rendered":"https:\/\/allasiaconnect.com\/product\/9374-rascals-jumbo-m-tapes-60pk\/"},"modified":"2026-04-16T02:25:17","modified_gmt":"2026-04-16T02:25:17","slug":"9374-rascals-jumbo-m-tapes-60pk","status":"publish","type":"product","link":"https:\/\/allasiaconnect.com\/vi\/san-pham\/9374-rascals-jumbo-m-tapes-60pk\/","title":{"rendered":"T\u00e3 d\u00e1n Rascals JUMBO size M (60 mi\u1ebfng)"},"content":{"rendered":"<p><strong>T\u00e3 d\u00e1n cao c\u1ea5p Rascals<\/strong><\/p>\n<p>Si\u00eau th\u1ea5m h\u00fat, ch\u1ed1ng tr\u00e0n l\u00ean \u0111\u1ebfn 12 gi\u1edd*<br \/>\n(Th\u1eddi gian th\u1ef1c t\u1ebf c\u00f3 th\u1ec3 thay \u0111\u1ed5i t\u00f9y thu\u1ed9c v\u00e0o l\u01b0\u1ee3ng n\u01b0\u1edbc ti\u1ec3u c\u1ee7a b\u00e9 v\u00e0 ho\u1ea1t \u0111\u1ed9ng c\u1ee7a b\u00e0ng quang.)<\/p>\n<p>\u0110\u01b0\u1ee3c thi\u1ebft k\u1ebf v\u1edbi <strong>6 \u0110\u1ed4I M\u1edaI C\u1ed0T L\u00d5I<\/strong> \u0110\u1ec3 n\u00e2ng cao hi\u1ec7u qu\u1ea3 h\u1ea5p thu, s\u1eb5n s\u00e0ng \u0111\u1ed1i m\u1eb7t v\u1edbi m\u1ecdi th\u00e1ch th\u1ee9c:<\/p>\n<p><strong>L\u00f5i Hydrolock\u2122 \u0110\u1ed9c \u0110\u00e1o<\/strong><\/p>\n<p>L\u00f5i Hydrolock Core\u2122 \u0111\u1ed9c \u0111\u00e1o c\u1ee7a ch\u00fang t\u00f4i h\u1ea5p th\u1ee5 ch\u1ea5t l\u1ecfng v\u1edbi 4 l\u1edbp b\u1ea3o v\u1ec7 \u0111\u1ec3 gi\u00fap ng\u0103n ch\u1eb7n r\u00f2 r\u1ec9.<\/p>\n<p><strong>D\u1ea3i thun co gi\u00e3n cao<\/strong><\/p>\n<p>Rascals Stretchy High-Back Waistband\u2122 \u0111\u01b0\u1ee3c l\u00e0m t\u1eeb t\u1ed1i \u0111a 12 mi\u1ebfng cao su co gi\u00e3n \u0111\u1ec3 \u00f4m s\u00e1t l\u01b0ng b\u00e9 m\u1ed9t c\u00e1ch tho\u1ea3i m\u00e1i.<\/p>\n<p><strong>AIRSPUN\u2122 M\u1ec1m m\u1ea1i<\/strong><\/p>\n<p>S\u1eed d\u1ee5ng c\u00f4ng ngh\u1ec7 AirSpun\u2122, v\u1eadt li\u1ec7u t\u00e3 c\u1ee7a ch\u00fang t\u00f4i \u0111\u01b0\u1ee3c li\u00ean k\u1ebft b\u1eb1ng kh\u00ed n\u00f3ng, mang l\u1ea1i c\u1ea3m gi\u00e1c tho\u00e1ng kh\u00ed, m\u1ec1m m\u1ea1i nh\u01b0 l\u00f4ng v\u0169 v\u00e0 nh\u1eb9 nh\u00e0ng v\u1edbi l\u00e0n da.<\/p>\n<p><strong>B\u1ea2O V\u1ec6 CH\u1ed0NG R\u00d2 R\u1ec8 N\u00c2NG CAO<\/strong><br \/>\nC\u00e1c t\u00fai s\u00e2u \u0111\u1ed9c \u0111\u00e1o v\u00e0 h\u1ec7 th\u1ed1ng b\u1ea3o v\u1ec7 ch\u1ed1ng r\u00f2 r\u1ec9 ba l\u1edbp c\u1ee7a ch\u00fang t\u00f4i cung c\u1ea5p kh\u1ea3 n\u0103ng b\u1ea3o v\u1ec7 ti\u00ean ti\u1ebfn ch\u1ed1ng l\u1ea1i r\u00f2 r\u1ec9 v\u00e0 s\u1ef1 c\u1ed1 tr\u00e0n.<\/p>\n<p><strong>L\u1edbp kh\u00f4 nhanh<\/strong><br \/>\nH\u1ea5p th\u1ee5 v\u00e0 gi\u1eef l\u1ea1i ch\u1ea5t l\u1ecfng trong v\u00e0i gi\u00e2y, gi\u00fap da kh\u00f4 r\u00e1o v\u00e0 ng\u0103n ng\u1eeba ph\u00e1t ban.<\/p>\n<p><strong>KH\u00d4NG CH\u1ea4T \u0110\u1ed8C H\u1ea0I<\/strong><br \/>\nTh\u00e2n thi\u1ec7n v\u1edbi da nh\u1ea1y c\u1ea3m v\u00e0 \u0111\u00e3 \u0111\u01b0\u1ee3c ki\u1ec3m nghi\u1ec7m b\u1edfi b\u00e1c s\u0129 da li\u1ec5u, ch\u1ea5t li\u1ec7u t\u00e3 c\u1ee7a ch\u00fang t\u00f4i nh\u1eb9 nh\u00e0ng v\u1edbi l\u00e0n da m\u1ecfng manh.<\/p>\n<p>\u0110\u01b0\u1ee3c y\u00eau th\u00edch b\u1edfi h\u00e0ng tri\u1ec7u b\u1eadc ph\u1ee5 huynh tr\u00ean to\u00e0n th\u1ebf gi\u1edbi v\u1edbi h\u01a1n 210.000+ \u0111\u00e1nh gi\u00e1 5 sao.<br \/>\n(D\u1ef1a tr\u00ean \u0111\u00e1nh gi\u00e1 c\u1ee7a kh\u00e1ch h\u00e0ng tr\u00ean c\u00e1c trang web b\u00e1n l\u1ebb v\u1ec1 b\u0103ng d\u00ednh v\u00e0 t\u00e3 qu\u1ea7n.)<\/p>\n<p><strong>H\u01af\u1edaNG D\u1eaaN S\u1eec D\u1ee4NG:<\/strong><br \/>\nM\u1edf t\u00e3 v\u00e0 \u0111\u1eb7t b\u00e9 l\u00ean b\u1ec1 m\u1eb7t.<br \/>\nG\u1eafn ch\u1eb7t ph\u1ea7n tr\u01b0\u1edbc v\u00e0 ph\u1ea7n sau b\u1eb1ng c\u00e1c mi\u1ebfng d\u00e1n hai m\u1eb7t \u1edf c\u1ea3 hai b\u00ean.<br \/>\nK\u00e9o c\u00e1c m\u00e9p c\u1ee7a t\u00e3 ra v\u00e0 \u0111i\u1ec1u ch\u1ec9nh sao cho v\u1eeba v\u1eb7n v\u1edbi b\u00e9, \u0111\u1ea3m b\u1ea3o b\u1ea3o v\u1ec7 t\u1ed1i \u01b0u kh\u1ecfi r\u00f2 r\u1ec9.<\/p>\n<p><strong>THAM KH\u1ea2O K\u00cdCH TH\u01af\u1edaC:<\/strong><\/p>\n<p>NB 3-5 kg<br \/>\nS 4-8 kg<br \/>\nM 6-11 kg<br \/>\nL 10-15 kg<\/p>\n<p><strong>Ngu\u1ed3n g\u1ed1c th\u01b0\u01a1ng hi\u1ec7u<\/strong>New Zealand<br \/>\n<strong>S\u1ea2N XU\u1ea4T<\/strong>Trung Qu\u1ed1c<br \/>\n<strong>TH\u1edcI H\u1ea0N S\u1eec D\u1ee4NG<\/strong>: 3 n\u0103m k\u1ec3 t\u1eeb ng\u00e0y s\u1ea3n xu\u1ea5t. Ng\u00e0y s\u1ea3n xu\u1ea5t v\u00e0 ng\u00e0y h\u1ebft h\u1ea1n \u0111\u01b0\u1ee3c in tr\u00ean bao b\u00ec.<br \/>\n<strong>GI\u1edaI T\u00cdNH<\/strong>Unisex (ph\u00f9 h\u1ee3p cho c\u1ea3 b\u00e9 trai v\u00e0 b\u00e9 g\u00e1i)<br \/>\n<strong>TH\u00c0NH PH\u1ea6N<\/strong>: B\u1ed9t gi\u1ea5y, polymer si\u00eau th\u1ea5m, polyethylene, polypropylene, v\u1ea3i kh\u00f4ng d\u1ec7t, d\u00e2y \u0111\u00e0n h\u1ed3i, keo k\u1ebft c\u1ea5u.<\/p>\n<p><strong>C\u1ea2NH B\u00c1O:<\/strong><br \/>\nKh\u00f4ng x\u1ea3 t\u00e3 v\u00e0o b\u1ed3n c\u1ea7u.<br \/>\nGi\u1eef t\u00fai nh\u1ef1a xa t\u1ea7m tay tr\u1ebb em \u0111\u1ec3 tr\u00e1nh nguy c\u01a1 ng\u1ea1t th\u1edf.<br \/>\nH\u00e3y v\u1ee9t b\u1ecf b\u1ea5t k\u1ef3 t\u00e3 l\u00f3t n\u00e0o b\u1ecb r\u00e1ch ho\u1eb7c \u0111\u00f3ng k\u00edn kh\u00f4ng t\u1ed1t.<\/p>\n<p><strong>H\u01af\u1edaNG D\u1eaaN B\u1ea2O QU\u1ea2N:<\/strong><br \/>\nB\u1ea3o qu\u1ea3n \u1edf n\u01a1i kh\u00f4 r\u00e1o, tho\u00e1ng m\u00e1t.<br \/>\nTr\u00e1nh \u00e1nh n\u1eafng tr\u1ef1c ti\u1ebfp v\u00e0 nhi\u1ec7t \u0111\u1ed9 cao.<\/p>","protected":false},"excerpt":{"rendered":"<p><span data-sheets-root=\"1\"><strong>T\u00e3 d\u00e1n cao c\u1ea5p Rascals<\/strong><\/span><\/p>\n<p>L\u00f5i Hydrolock Core\u2122 \u0111\u1ed9c \u0111\u00e1o<br \/>\nRascals - \u0110ai l\u01b0ng co gi\u00e3n cao c\u1ed5\u2122<br \/>\nNguy\u00ean li\u1ec7u m\u1ec1m m\u1ecbn<br \/>\n\u0110\u00e1y ch\u1ed1ng tr\u00e0n s\u00e2u \u0111\u1ed9c quy\u1ec1n<br \/>\nBa l\u1edbp\/v\u00e1ch ch\u1ed1ng tr\u00e0n<br \/>\nTh\u1ea5m h\u00fat nhanh<br \/>\nKh\u00f4ng ch\u1ee9a th\u00e0nh ph\u1ea7n \u0111\u1ed9c h\u1ea1i<\/p>","protected":false},"featured_media":1497,"comment_status":"open","ping_status":"closed","template":"","meta":{"_acf_changed":false},"product_brand":[43],"product_cat":[83,76],"product_tag":[113],"class_list":{"0":"post-1498","1":"product","2":"type-product","3":"status-publish","4":"has-post-thumbnail","6":"product_brand-rascals","7":"product_cat-rascals","8":"product_cat-tapes-jumbo","9":"product_tag-free-delivery","11":"first","12":"instock","13":"taxable","14":"shipping-taxable","15":"purchasable","16":"product-type-simple"},"acf":[],"_links":{"self":[{"href":"https:\/\/allasiaconnect.com\/vi\/wp-json\/wp\/v2\/product\/1498","targetHints":{"allow":["GET"]}}],"collection":[{"href":"https:\/\/allasiaconnect.com\/vi\/wp-json\/wp\/v2\/product"}],"about":[{"href":"https:\/\/allasiaconnect.com\/vi\/wp-json\/wp\/v2\/types\/product"}],"replies":[{"embeddable":true,"href":"https:\/\/allasiaconnect.com\/vi\/wp-json\/wp\/v2\/comments?post=1498"}],"wp:featuredmedia":[{"embeddable":true,"href":"https:\/\/allasiaconnect.com\/vi\/wp-json\/wp\/v2\/media\/1497"}],"wp:attachment":[{"href":"https:\/\/allasiaconnect.com\/vi\/wp-json\/wp\/v2\/media?parent=1498"}],"wp:term":[{"taxonomy":"product_brand","embeddable":true,"href":"https:\/\/allasiaconnect.com\/vi\/wp-json\/wp\/v2\/product_brand?post=1498"},{"taxonomy":"product_cat","embeddable":true,"href":"https:\/\/allasiaconnect.com\/vi\/wp-json\/wp\/v2\/product_cat?post=1498"},{"taxonomy":"product_tag","embeddable":true,"href":"https:\/\/allasiaconnect.com\/vi\/wp-json\/wp\/v2\/product_tag?post=1498"}],"curies":[{"name":"wp","href":"https:\/\/api.w.org\/{rel}","templated":true}]}}