{"id":1423,"date":"2025-09-23T09:34:22","date_gmt":"2025-09-23T09:34:22","guid":{"rendered":"https:\/\/allasiaconnect.com\/product\/10436-monday-conditioner-volume-354ml\/"},"modified":"2026-04-16T05:18:18","modified_gmt":"2026-04-16T05:18:18","slug":"10436-monday-conditioner-volume-354ml","status":"publish","type":"product","link":"https:\/\/allasiaconnect.com\/vi\/san-pham\/10436-monday-conditioner-volume-354ml\/","title":{"rendered":"D\u1ea7u x\u1ea3 Monday Volume 354ml"},"content":{"rendered":"<p><span data-sheets-root=\"1\"><strong>MONDAY D\u1ea7u x\u1ea3 t\u1ea1o \u0111\u1ed9 ph\u1ed3ng cho t\u00f3c m\u1ecfng v\u00e0 y\u1ebfu 354ml \u2013 D\u00e0nh cho t\u00f3c m\u1ecfng v\u00e0 y\u1ebfu<\/strong><\/span><\/p>\n<p><strong>PH\u00d9 H\u1ee2P CHO<\/strong>T\u00f3c m\u1ecfng v\u00e0 m\u1ec1m m\u1ea1i<br \/>\n<strong>N\u00d3 L\u00c0M G\u00cc<\/strong>: T\u0103ng c\u01b0\u1eddng v\u00e0 l\u00e0m \u0111\u1ea7y<br \/>\n<strong>L\u00c1 T\u00d3C<\/strong>C\u1ea3m gi\u00e1c tr\u00e0n \u0111\u1ea7y s\u1ee9c s\u1ed1ng v\u00e0 n\u0103ng l\u01b0\u1ee3ng.<\/p>\n<p><strong>TH\u00c0NH PH\u1ea6N CH\u00cdNH<\/strong><br \/>\nCollagen th\u1ee7y ph\u00e2n: Gi\u00fap l\u00e0m t\u01b0\u01a1i m\u1edbi v\u00e0 l\u00e0m d\u00e0y t\u00f3c.<br \/>\nD\u1ea7u Macadamia: C\u00f3 t\u00ednh ch\u1ea5t l\u00e0m m\u1ec1m m\u01b0\u1ee3t, gi\u00fap t\u00f3c b\u00f3ng m\u01b0\u1ee3t.<br \/>\nB\u01a1 shea: Gi\u00fap se kh\u00edt l\u1edbp bi\u1ec3u b\u00ec v\u00e0 l\u00e0m m\u1ec1m t\u00f3c.<\/p>\n<p><strong>\u0110\u1ea0T NHI\u1ec0U GI\u1ea2I TH\u01af\u1edeNG<\/strong><br \/>\nS\u1ea3n ph\u1ea9m ch\u0103m s\u00f3c t\u00f3c MONDAY Haircare Moisture \u0111\u00e3 gi\u00e0nh \u0111\u01b0\u1ee3c nhi\u1ec1u gi\u1ea3i th\u01b0\u1edfng l\u00e0m \u0111\u1eb9p, bao g\u1ed3m:<br \/>\nGi\u1ea3i th\u01b0\u1edfng M\u1ef9 ph\u1ea9m Tuy\u1ec7t v\u1eddi Nh\u1ea5t 2022 c\u1ee7a Woman &amp; Home<br \/>\nGi\u1ea3i th\u01b0\u1edfng Th\u1ea9m m\u1ef9 Shape 2021 \u2013 D\u1ea7u g\u1ed9i v\u00e0 d\u1ea7u x\u1ea3 d\u01b0\u1ee1ng \u1ea9m t\u1ed1t nh\u1ea5t<br \/>\nGi\u1ea3i th\u01b0\u1edfng S\u1eafc \u0111\u1eb9p v\u00e0 S\u1ee9c kh\u1ecfe Get The Gloss 2021<\/p>\n<p><strong>Ch\u1ee9ng nh\u1eadn kh\u00f4ng th\u1eed nghi\u1ec7m tr\u00ean \u0111\u1ed9ng v\u1eadt<\/strong><br \/>\nT\u1ea5t c\u1ea3 c\u00e1c s\u1ea3n ph\u1ea9m c\u1ee7a MONDAY \u0111\u1ec1u \u0111\u01b0\u1ee3c ch\u1ee9ng nh\u1eadn kh\u00f4ng th\u1eed nghi\u1ec7m tr\u00ean \u0111\u1ed9ng v\u1eadt b\u1edfi Leaping Bunny (Cruelty Free International) v\u00e0 \u0111\u01b0\u1ee3c PETA c\u00f4ng nh\u1eadn v\u00ec kh\u00f4ng th\u1eed nghi\u1ec7m tr\u00ean \u0111\u1ed9ng v\u1eadt.<\/p>\n<p><strong>Kh\u00f4ng ch\u1ee9a sulfate v\u00e0 paraben<\/strong><br \/>\n\u0110\u01b0\u1ee3c b\u00e0o ch\u1ebf kh\u00f4ng ch\u1ee9a sulfate v\u00e0 paraben g\u00e2y k\u00edch \u1ee9ng, MONDAY nh\u1eb9 nh\u00e0ng l\u00e0m s\u1ea1ch t\u00f3c \u0111\u1ed3ng th\u1eddi gi\u1eef cho t\u00f3c m\u1ec1m m\u01b0\u1ee3t v\u00e0 kh\u1ecfe m\u1ea1nh t\u1ef1 nhi\u00ean.<\/p>\n<p><strong>CHAI NH\u1ef0A C\u00d3 TH\u1ec2 T\u00c1I CH\u1ebe<\/strong><br \/>\nKh\u00f4ng ch\u1ec9 c\u00f3 thi\u1ebft k\u1ebf \u0111\u1eb9p m\u1eaft, nh\u1eefng chai h\u1ed3ng c\u1ee7a MONDAY c\u00f2n \u0111\u01b0\u1ee3c l\u00e0m t\u1eeb nh\u1ef1a t\u00e1i ch\u1ebf. S\u1eed d\u1ee5ng MONDAY l\u00e0 l\u1ef1a ch\u1ecdn tuy\u1ec7t v\u1eddi cho c\u1ea3 m\u00e1i t\u00f3c v\u00e0 m\u00f4i tr\u01b0\u1eddng.<\/p>\n<p><strong>Ngu\u1ed3n g\u1ed1c th\u01b0\u01a1ng hi\u1ec7u<\/strong>New Zealand<br \/>\n<strong>S\u1ea2N XU\u1ea4T<\/strong>Trung Qu\u1ed1c<br \/>\n<strong>NG\u00c0Y S\u1ea2N XU\u1ea4T<\/strong>Xem bao b\u00ec \u0111\u1ec3 bi\u1ebft chi ti\u1ebft.<br \/>\n<strong>TH\u1edcI H\u1ea0N S\u1eec D\u1ee4NG<\/strong>3 n\u0103m k\u1ec3 t\u1eeb ng\u00e0y s\u1ea3n xu\u1ea5t<br \/>\n<strong>TH\u1ec2 T\u00cdCH<\/strong>354ml<br \/>\n<strong>H\u01af\u01a0NG TH\u01a0M<\/strong>H\u01b0\u01a1ng hoa nh\u00e0i tinh t\u1ebf<\/p>\n<p><strong>C\u00c1CH S\u1eec D\u1ee4NG<\/strong><br \/>\nM\u1edf\/\u0110\u00f3ng: Xoay b\u01a1m theo h\u01b0\u1edbng m\u0169i t\u00ean \u0111\u1ec3 m\u1edf; xoay ng\u01b0\u1ee3c l\u1ea1i \u0111\u1ec3 \u0111\u00f3ng.<br \/>\nD\u1ea7u g\u1ed9i: L\u00e0m \u01b0\u1edbt t\u00f3c ho\u00e0n to\u00e0n, thoa m\u1ed9t l\u01b0\u1ee3ng v\u1eeba \u0111\u1ee7 l\u00ean da \u0111\u1ea7u v\u00e0 t\u00f3c, massage trong 1\u20132 ph\u00fat \u0111\u1ec3 t\u1ea1o b\u1ecdt, sau \u0111\u00f3 x\u1ea3 s\u1ea1ch ho\u00e0n to\u00e0n.<br \/>\nD\u1ea7u x\u1ea3: Thoa t\u1eeb ph\u1ea7n gi\u1eefa t\u00f3c \u0111\u1ebfn ng\u1ecdn t\u00f3c, tr\u00e1nh ti\u1ebfp x\u00fac v\u1edbi da \u0111\u1ea7u. \u0110\u1ec3 y\u00ean trong 1\u20132 ph\u00fat, sau \u0111\u00f3 x\u1ea3 s\u1ea1ch ho\u00e0n to\u00e0n.<\/p>\n<p><strong>C\u1ea2NH B\u00c1O<\/strong><br \/>\nTr\u00e1nh ti\u1ebfp x\u00fac v\u1edbi m\u1eaft; r\u1eeda ngay l\u1eadp t\u1ee9c n\u1ebfu x\u1ea3y ra.<br \/>\nB\u1ea3o qu\u1ea3n \u1edf n\u01a1i kh\u00f4 r\u00e1o, m\u00e1t m\u1ebb, tr\u00e1nh \u00e1nh n\u1eafng tr\u1ef1c ti\u1ebfp, nhi\u1ec7t \u0111\u1ed9 cao ho\u1eb7c \u0111\u1ed9 \u1ea9m.<\/p>","protected":false},"excerpt":{"rendered":"<p><span data-sheets-root=\"1\"><strong>MONDAY Ch\u0103m s\u00f3c t\u00f3c Dung t\u00edch 354ml \u2013 D\u00e0nh cho t\u00f3c d\u1ea7u, m\u1ecfng v\u00e0 th\u01b0a<\/strong><\/span><\/p>\n<p>D\u1ea7u g\u1ed9i v\u00e0 d\u1ea7u x\u1ea3 VOLUME k\u1ebft h\u1ee3p Collagen th\u1ee7y ph\u00e2n, D\u1ea7u d\u1eeba, B\u01a1 shea v\u00e0 D\u1ea7u macadamia \u0111\u1ec3 cung c\u1ea5p \u0111\u1ed9 \u1ea9m nh\u1eb9 nh\u00e0ng, t\u0103ng \u0111\u1ed9 b\u1ed3ng b\u1ec1nh v\u00e0 \u0111\u1ec3 l\u1ea1i m\u00e1i t\u00f3c d\u00e0y, m\u1ec1m m\u01b0\u1ee3t v\u00e0 b\u00f3ng kh\u1ecfe.<\/p>\n<p><strong>L\u1ee2I \u00cdCH CH\u00cdNH<\/strong><br \/>\n\u0110\u00e3 gi\u00e0nh \u0111\u01b0\u1ee3c nhi\u1ec1u gi\u1ea3i th\u01b0\u1edfng<br \/>\nKh\u00f4ng ch\u1ee9a sulfat ho\u1eb7c paraben.<br \/>\n\u0110\u01b0\u1ee3c ch\u1ee9ng nh\u1eadn kh\u00f4ng th\u1eed nghi\u1ec7m tr\u00ean \u0111\u1ed9ng v\u1eadt<br \/>\nChai c\u00f3 th\u1ec3 t\u00e1i ch\u1ebf<br \/>\nM\u00f9i hoa nh\u00e0i nh\u1eb9 nh\u00e0ng<\/p>","protected":false},"featured_media":4298,"comment_status":"open","ping_status":"closed","template":"","meta":{"_acf_changed":false},"product_brand":[44],"product_cat":[67],"product_tag":[113],"class_list":{"0":"post-1423","1":"product","2":"type-product","3":"status-publish","4":"has-post-thumbnail","6":"product_brand-monday-haircare","7":"product_cat-conditioner","8":"product_tag-free-delivery","10":"first","11":"instock","12":"taxable","13":"shipping-taxable","14":"purchasable","15":"product-type-simple"},"acf":[],"_links":{"self":[{"href":"https:\/\/allasiaconnect.com\/vi\/wp-json\/wp\/v2\/product\/1423","targetHints":{"allow":["GET"]}}],"collection":[{"href":"https:\/\/allasiaconnect.com\/vi\/wp-json\/wp\/v2\/product"}],"about":[{"href":"https:\/\/allasiaconnect.com\/vi\/wp-json\/wp\/v2\/types\/product"}],"replies":[{"embeddable":true,"href":"https:\/\/allasiaconnect.com\/vi\/wp-json\/wp\/v2\/comments?post=1423"}],"wp:featuredmedia":[{"embeddable":true,"href":"https:\/\/allasiaconnect.com\/vi\/wp-json\/wp\/v2\/media\/4298"}],"wp:attachment":[{"href":"https:\/\/allasiaconnect.com\/vi\/wp-json\/wp\/v2\/media?parent=1423"}],"wp:term":[{"taxonomy":"product_brand","embeddable":true,"href":"https:\/\/allasiaconnect.com\/vi\/wp-json\/wp\/v2\/product_brand?post=1423"},{"taxonomy":"product_cat","embeddable":true,"href":"https:\/\/allasiaconnect.com\/vi\/wp-json\/wp\/v2\/product_cat?post=1423"},{"taxonomy":"product_tag","embeddable":true,"href":"https:\/\/allasiaconnect.com\/vi\/wp-json\/wp\/v2\/product_tag?post=1423"}],"curies":[{"name":"wp","href":"https:\/\/api.w.org\/{rel}","templated":true}]}}