{"id":1407,"date":"2025-09-23T09:34:11","date_gmt":"2025-09-23T09:34:11","guid":{"rendered":"https:\/\/allasiaconnect.com\/product\/93151-rascals-pants-convenience-pack-xxl-14pk\/"},"modified":"2026-04-15T03:45:17","modified_gmt":"2026-04-15T03:45:17","slug":"93151-rascals-pants-convenience-pack-xxl-14pk","status":"publish","type":"product","link":"https:\/\/allasiaconnect.com\/vi\/san-pham\/93151-rascals-pants-convenience-pack-xxl-14pk\/","title":{"rendered":"RASCALS Qu\u1ea7n B\u1ed9 ti\u1ec7n l\u1ee3i XXL (14 chi\u1ebfc)"},"content":{"rendered":"<p><strong>Qu\u1ea7n t\u1eadp luy\u1ec7n cao c\u1ea5p RASCALS<\/strong><\/p>\n<p>\u0110\u01b0\u1ee3c thi\u1ebft k\u1ebf v\u1edbi <strong>6 \u0110\u1ed4I M\u1edaI C\u1ed0T L\u00d5I<\/strong> \u0110\u1ec3 n\u00e2ng cao hi\u1ec7u qu\u1ea3 h\u1ea5p thu, s\u1eb5n s\u00e0ng \u0111\u1ed1i m\u1eb7t v\u1edbi m\u1ecdi th\u00e1ch th\u1ee9c:<\/p>\n<p><strong>D\u00e2y l\u01b0ng ULTRAFLEX 360\u2122<\/strong><br \/>\nV\u1edbi h\u01a1n 15 mi\u1ebfng cao su \u0111\u00e0n h\u1ed3i, d\u1ea3i th\u1eaft l\u01b0ng UltraFlex 360\u2122 mang l\u1ea1i s\u1ef1 tho\u1ea3i m\u00e1i cho b\u00e9 y\u00eau n\u0103ng \u0111\u1ed9ng.<\/p>\n<p><strong>T\u00cdNH N\u0102NG THAY \u0110\u1ed4I NHANH<\/strong><br \/>\n\u0110\u01b0\u1ee3c thi\u1ebft k\u1ebf v\u1edbi c\u00e1c c\u1ea1nh d\u1ec5 x\u00e9 v\u00e0 m\u1ed9t tab th\u00e1o r\u1eddi, gi\u00fap vi\u1ec7c thay \u0111\u1ed5i tr\u1edf n\u00ean nhanh ch\u00f3ng v\u00e0 d\u1ec5 d\u00e0ng nh\u1ea5t.<\/p>\n<p><strong>Thi\u1ebft k\u1ebf d\u1ec5 d\u00e0ng n\u00e2ng l\u00ean v\u00e0 h\u1ea1 xu\u1ed1ng<\/strong><br \/>\nV\u1edbi thi\u1ebft k\u1ebf Easy Up &amp; Down, qu\u1ea7n t\u1eadp \u0111i v\u1ec7 sinh c\u1ee7a ch\u00fang t\u00f4i ho\u1ea1t \u0111\u1ed9ng gi\u1ed1ng nh\u01b0 qu\u1ea7n l\u00f3t th\u00f4ng th\u01b0\u1eddng, gi\u00fap tr\u1ebb d\u1ec5 d\u00e0ng chuy\u1ec3n sang giai \u0111o\u1ea1n t\u1eadp \u0111i v\u1ec7 sinh.<\/p>\n<p><strong>AIRSPUN\u2122 M\u1ec1m m\u1ea1i<\/strong><\/p>\n<p>S\u1eed d\u1ee5ng c\u00f4ng ngh\u1ec7 AirSpun\u2122, v\u1eadt li\u1ec7u t\u00e3 c\u1ee7a ch\u00fang t\u00f4i \u0111\u01b0\u1ee3c li\u00ean k\u1ebft b\u1eb1ng kh\u00ed n\u00f3ng, mang l\u1ea1i c\u1ea3m gi\u00e1c tho\u00e1ng kh\u00ed, m\u1ec1m m\u1ea1i nh\u01b0 l\u00f4ng v\u0169 v\u00e0 nh\u1eb9 nh\u00e0ng v\u1edbi l\u00e0n da.<\/p>\n<p><strong>L\u00f5i Hydrolock\u2122 \u0110\u1ed9c \u0110\u00e1o<\/strong><br \/>\nL\u00f5i th\u1ea5m h\u00fat 4 l\u1edbp gi\u00fap gi\u1eef \u1ea9m v\u00e0 ng\u0103n ng\u1eeba r\u00f2 r\u1ec9.<\/p>\n<p><strong>KH\u00d4NG CH\u1ea4T \u0110\u1ed8C H\u1ea0I<\/strong><br \/>\nTh\u00e2n thi\u1ec7n v\u1edbi da nh\u1ea1y c\u1ea3m v\u00e0 \u0111\u00e3 \u0111\u01b0\u1ee3c ki\u1ec3m nghi\u1ec7m b\u1edfi b\u00e1c s\u0129 da li\u1ec5u, ch\u1ea5t li\u1ec7u t\u00e3 c\u1ee7a ch\u00fang t\u00f4i nh\u1eb9 nh\u00e0ng v\u1edbi l\u00e0n da m\u1ecfng manh.<\/p>\n<p>\u0110\u01b0\u1ee3c y\u00eau th\u00edch b\u1edfi h\u00e0ng tri\u1ec7u b\u1eadc ph\u1ee5 huynh tr\u00ean to\u00e0n th\u1ebf gi\u1edbi v\u1edbi h\u01a1n 210.000+ \u0111\u00e1nh gi\u00e1 5 sao.<br \/>\n(D\u1ef1a tr\u00ean \u0111\u00e1nh gi\u00e1 c\u1ee7a kh\u00e1ch h\u00e0ng tr\u00ean c\u00e1c trang web b\u00e1n l\u1ebb v\u1ec1 t\u00e3 d\u00e1n, t\u00e3 qu\u1ea7n v\u00e0 kh\u0103n \u01b0\u1edbt.)<\/p>\n<p><strong>H\u01af\u1edaNG D\u1eaaN S\u1eec D\u1ee4NG:<\/strong><br \/>\n\u0110\u01b0\u1ee3c thi\u1ebft k\u1ebf \u0111\u1ec3 ho\u1ea1t \u0111\u1ed9ng gi\u1ed1ng nh\u01b0 qu\u1ea7n l\u00f3t, qu\u1ea7n t\u1eadp luy\u1ec7n cao c\u1ea5p c\u1ee7a ch\u00fang t\u00f4i \u0111\u01b0\u1ee3c l\u00e0m t\u1eeb d\u1ea3i thun UltraFlex 360\u2122, gi\u00fap b\u1ea1n (ho\u1eb7c b\u00e9 y\u00eau c\u1ee7a b\u1ea1n!) c\u00f3 th\u1ec3 d\u1ec5 d\u00e0ng m\u1eb7c v\u00e0o v\u00e0 c\u1edfi ra.<br \/>\nK\u00e9o c\u00e1c m\u00e9p c\u1ee7a t\u00e3 ra v\u00e0 \u0111i\u1ec1u ch\u1ec9nh sao cho v\u1eeba v\u1eb7n v\u1edbi b\u00e9, \u0111\u1ea3m b\u1ea3o b\u1ea3o v\u1ec7 t\u1ed1i \u01b0u kh\u1ecfi r\u00f2 r\u1ec9.<\/p>\n<p><strong>THAM KH\u1ea2O K\u00cdCH TH\u01af\u1edaC:<\/strong><br \/>\nM 6-11 kg<br \/>\nL 10-15 kg<br \/>\nXL 13-18 kg<br \/>\nXXL 15-20 kg<br \/>\nXXXL 17 kg tr\u1edf l\u00ean<\/p>\n<p><strong>Ngu\u1ed3n g\u1ed1c th\u01b0\u01a1ng hi\u1ec7u:<\/strong> New Zealand<br \/>\n<strong>S\u1ea2N XU\u1ea4T<\/strong>Trung Qu\u1ed1c<br \/>\n<strong>TH\u1edcI H\u1ea0N S\u1eec D\u1ee4NG:<\/strong> 3 n\u0103m k\u1ec3 t\u1eeb ng\u00e0y s\u1ea3n xu\u1ea5t. Ng\u00e0y s\u1ea3n xu\u1ea5t v\u00e0 ng\u00e0y h\u1ebft h\u1ea1n \u0111\u01b0\u1ee3c in tr\u00ean bao b\u00ec.<br \/>\n<strong>GI\u1edaI T\u00cdNH:<\/strong> Unisex (ph\u00f9 h\u1ee3p cho c\u1ea3 b\u00e9 trai v\u00e0 b\u00e9 g\u00e1i)<br \/>\n<strong>TH\u00c0NH PH\u1ea6N<\/strong>: B\u1ed9t gi\u1ea5y, polymer si\u00eau th\u1ea5m, polyethylene, polypropylene, v\u1ea3i kh\u00f4ng d\u1ec7t, d\u00e2y \u0111\u00e0n h\u1ed3i, keo k\u1ebft c\u1ea5u.<\/p>\n<p><strong>C\u1ea2NH B\u00c1O:<\/strong><br \/>\nKh\u00f4ng x\u1ea3 t\u00e3 v\u00e0o b\u1ed3n c\u1ea7u.<br \/>\nGi\u1eef t\u00fai nh\u1ef1a xa t\u1ea7m tay tr\u1ebb em \u0111\u1ec3 tr\u00e1nh nguy c\u01a1 ng\u1ea1t th\u1edf.<br \/>\nH\u00e3y v\u1ee9t b\u1ecf b\u1ea5t k\u1ef3 t\u00e3 l\u00f3t n\u00e0o b\u1ecb r\u00e1ch ho\u1eb7c \u0111\u00f3ng k\u00edn kh\u00f4ng t\u1ed1t.<\/p>\n<p><strong>H\u01af\u1edaNG D\u1eaaN B\u1ea2O QU\u1ea2N:<\/strong><br \/>\nB\u1ea3o qu\u1ea3n \u1edf n\u01a1i kh\u00f4 r\u00e1o, tho\u00e1ng m\u00e1t.<br \/>\nTr\u00e1nh \u00e1nh n\u1eafng tr\u1ef1c ti\u1ebfp v\u00e0 nhi\u1ec7t \u0111\u1ed9 cao.<\/p>","protected":false},"excerpt":{"rendered":"<p><span data-sheets-root=\"1\"><strong>Qu\u1ea7n t\u1eadp luy\u1ec7n cao c\u1ea5p RASCALS<\/strong><\/span><\/p>\n<p>L\u00f5i Hydrolock Core\u2122 \u0111\u1ed9c \u0111\u00e1o<br \/>\nRascals - \u0110ai l\u01b0ng co gi\u00e3n cao c\u1ed5\u2122<br \/>\nNguy\u00ean li\u1ec7u m\u1ec1m m\u1ecbn<br \/>\n\u0110\u00e1y ch\u1ed1ng tr\u00e0n s\u00e2u \u0111\u1ed9c quy\u1ec1n<br \/>\nBa l\u1edbp\/v\u00e1ch ch\u1ed1ng tr\u00e0n<br \/>\nTh\u1ea5m h\u00fat nhanh<br \/>\nKh\u00f4ng ch\u1ee9a th\u00e0nh ph\u1ea7n \u0111\u1ed9c h\u1ea1i<\/p>","protected":false},"featured_media":1893,"comment_status":"open","ping_status":"closed","template":"","meta":{"_acf_changed":false},"product_brand":[43],"product_cat":[69],"product_tag":[113],"class_list":{"0":"post-1407","1":"product","2":"type-product","3":"status-publish","4":"has-post-thumbnail","6":"product_brand-rascals","7":"product_cat-pants-convenience","8":"product_tag-free-delivery","10":"first","11":"instock","12":"taxable","13":"shipping-taxable","14":"purchasable","15":"product-type-simple"},"acf":[],"_links":{"self":[{"href":"https:\/\/allasiaconnect.com\/vi\/wp-json\/wp\/v2\/product\/1407","targetHints":{"allow":["GET"]}}],"collection":[{"href":"https:\/\/allasiaconnect.com\/vi\/wp-json\/wp\/v2\/product"}],"about":[{"href":"https:\/\/allasiaconnect.com\/vi\/wp-json\/wp\/v2\/types\/product"}],"replies":[{"embeddable":true,"href":"https:\/\/allasiaconnect.com\/vi\/wp-json\/wp\/v2\/comments?post=1407"}],"wp:featuredmedia":[{"embeddable":true,"href":"https:\/\/allasiaconnect.com\/vi\/wp-json\/wp\/v2\/media\/1893"}],"wp:attachment":[{"href":"https:\/\/allasiaconnect.com\/vi\/wp-json\/wp\/v2\/media?parent=1407"}],"wp:term":[{"taxonomy":"product_brand","embeddable":true,"href":"https:\/\/allasiaconnect.com\/vi\/wp-json\/wp\/v2\/product_brand?post=1407"},{"taxonomy":"product_cat","embeddable":true,"href":"https:\/\/allasiaconnect.com\/vi\/wp-json\/wp\/v2\/product_cat?post=1407"},{"taxonomy":"product_tag","embeddable":true,"href":"https:\/\/allasiaconnect.com\/vi\/wp-json\/wp\/v2\/product_tag?post=1407"}],"curies":[{"name":"wp","href":"https:\/\/api.w.org\/{rel}","templated":true}]}}