{"id":1404,"date":"2025-09-23T09:34:10","date_gmt":"2025-09-23T09:34:10","guid":{"rendered":"https:\/\/allasiaconnect.com\/product\/104130-monday-shampoo-color-protect-354ml\/"},"modified":"2026-04-16T05:18:18","modified_gmt":"2026-04-16T05:18:18","slug":"104130-monday-shampoo-color-protect-354ml","status":"publish","type":"product","link":"https:\/\/allasiaconnect.com\/vi\/san-pham\/104130-monday-shampoo-color-protect-354ml\/","title":{"rendered":"D\u1ea7u g\u1ed9i b\u1ea3o v\u1ec7 m\u00e0u t\u00f3c Monday 354ml"},"content":{"rendered":"<p><span data-sheets-root=\"1\"><strong>MONDAY D\u1ea7u g\u1ed9i b\u1ea3o v\u1ec7 m\u00e0u t\u00f3c 354ml \u2013 D\u00e0nh cho t\u00f3c nhu\u1ed9m m\u00e0u<\/strong><\/span><\/p>\n<p><strong>PH\u00d9 H\u1ee2P CHO:<\/strong> T\u00f3c \u0111\u00e3 qua x\u1eed l\u00fd m\u00e0u<br \/>\n<strong>N\u00d3 L\u00c0M G\u00cc<\/strong>B\u1ea3o v\u1ec7 m\u00e0u s\u1eafc v\u00e0 t\u0103ng \u0111\u1ed9 b\u00f3ng.<br \/>\n<strong>L\u00c1 T\u00d3C<\/strong>C\u1ea3m th\u1ea5y an to\u00e0n, kh\u1ecfe m\u1ea1nh v\u00e0 tr\u00e0n \u0111\u1ea7y s\u1ee9c s\u1ed1ng.<\/p>\n<p><strong>TH\u00c0NH PH\u1ea6N CH\u00cdNH<\/strong><br \/>\nAxit amin: H\u1ed7 tr\u1ee3 s\u1ee9c kh\u1ecfe protein c\u1ee7a t\u00f3c<br \/>\nD\u1ea7u Jojoba: Ch\u1ee9a c\u00e1c d\u01b0\u1ee1ng ch\u1ea5t gi\u00fap c\u1ee7ng c\u1ed1 t\u00f3c.<br \/>\nVitamin E: H\u1ed7 tr\u1ee3 s\u1ee9c kh\u1ecfe t\u00f3c v\u00e0 da \u0111\u1ea7u<\/p>\n<p><strong>Ch\u1ee9ng nh\u1eadn kh\u00f4ng th\u1eed nghi\u1ec7m tr\u00ean \u0111\u1ed9ng v\u1eadt<\/strong><br \/>\nT\u1ea5t c\u1ea3 c\u00e1c s\u1ea3n ph\u1ea9m c\u1ee7a MONDAY \u0111\u1ec1u \u0111\u01b0\u1ee3c ch\u1ee9ng nh\u1eadn kh\u00f4ng th\u1eed nghi\u1ec7m tr\u00ean \u0111\u1ed9ng v\u1eadt b\u1edfi Leaping Bunny (Cruelty Free International) v\u00e0 \u0111\u01b0\u1ee3c PETA c\u00f4ng nh\u1eadn v\u00ec kh\u00f4ng th\u1eed nghi\u1ec7m tr\u00ean \u0111\u1ed9ng v\u1eadt.<\/p>\n<p><strong>Kh\u00f4ng ch\u1ee9a sulfate v\u00e0 paraben<\/strong><br \/>\n\u0110\u01b0\u1ee3c b\u00e0o ch\u1ebf kh\u00f4ng ch\u1ee9a sulfate ho\u1eb7c paraben, MONDAY nh\u1eb9 nh\u00e0ng l\u00e0m s\u1ea1ch t\u00f3c \u0111\u1ed3ng th\u1eddi gi\u1eef cho t\u00f3c m\u1ec1m m\u01b0\u1ee3t, kh\u1ecfe m\u1ea1nh v\u00e0 nh\u1eb9 nh\u00e0ng sau m\u1ed7i l\u1ea7n g\u1ed9i.<\/p>\n<p><strong>CHAI NH\u1ef0A C\u00d3 TH\u1ec2 T\u00c1I CH\u1ebe<\/strong><br \/>\nChai h\u1ed3ng sang tr\u1ecdng c\u1ee7a MONDAY \u0111\u01b0\u1ee3c l\u00e0m t\u1eeb nh\u1ef1a t\u00e1i ch\u1ebf th\u00e2n thi\u1ec7n v\u1edbi m\u00f4i tr\u01b0\u1eddng, k\u1ebft h\u1ee3p gi\u1eefa s\u1ef1 sang tr\u1ecdng v\u00e0 t\u00ednh b\u1ec1n v\u1eefng.<\/p>\n<p><strong>Ngu\u1ed3n g\u1ed1c th\u01b0\u01a1ng hi\u1ec7u:<\/strong> New Zealand<br \/>\n<strong>S\u1ea2N XU\u1ea4T<\/strong>Trung Qu\u1ed1c<br \/>\n<strong>NG\u00c0Y S\u1ea2N XU\u1ea4T<\/strong>Xem bao b\u00ec \u0111\u1ec3 bi\u1ebft chi ti\u1ebft.<br \/>\n<strong>TH\u1edcI H\u1ea0N S\u1eec D\u1ee4NG<\/strong>3 n\u0103m k\u1ec3 t\u1eeb ng\u00e0y s\u1ea3n xu\u1ea5t<br \/>\n<strong>TH\u1ec2 T\u00cdCH<\/strong>354ml<br \/>\n<strong>H\u01af\u01a0NG TH\u01a0M<\/strong>H\u01b0\u01a1ng hoa nh\u00e0i tinh t\u1ebf<\/p>\n<p><strong>C\u00c1CH S\u1eec D\u1ee4NG<\/strong><br \/>\nM\u1edf\/\u0110\u00f3ng: Xoay b\u01a1m theo h\u01b0\u1edbng m\u0169i t\u00ean \u0111\u1ec3 m\u1edf; xoay ng\u01b0\u1ee3c l\u1ea1i \u0111\u1ec3 \u0111\u00f3ng.<br \/>\nD\u1ea7u g\u1ed9i: L\u00e0m \u01b0\u1edbt t\u00f3c ho\u00e0n to\u00e0n, thoa m\u1ed9t l\u01b0\u1ee3ng v\u1eeba \u0111\u1ee7 l\u00ean da \u0111\u1ea7u v\u00e0 t\u00f3c, massage trong 1\u20132 ph\u00fat \u0111\u1ec3 t\u1ea1o b\u1ecdt, sau \u0111\u00f3 x\u1ea3 s\u1ea1ch ho\u00e0n to\u00e0n.<br \/>\nD\u1ea7u x\u1ea3: Thoa t\u1eeb ph\u1ea7n gi\u1eefa t\u00f3c \u0111\u1ebfn ng\u1ecdn, tr\u00e1nh ti\u1ebfp x\u00fac v\u1edbi da \u0111\u1ea7u. \u0110\u1ec3 y\u00ean trong 1\u20132 ph\u00fat, sau \u0111\u00f3 x\u1ea3 s\u1ea1ch ho\u00e0n to\u00e0n.<\/p>\n<p><strong>C\u1ea2NH B\u00c1O<\/strong><br \/>\nTr\u00e1nh ti\u1ebfp x\u00fac tr\u1ef1c ti\u1ebfp v\u1edbi m\u1eaft; r\u1eeda ngay l\u1eadp t\u1ee9c n\u1ebfu ti\u1ebfp x\u00fac x\u1ea3y ra.<br \/>\nB\u1ea3o qu\u1ea3n \u1edf n\u01a1i kh\u00f4 r\u00e1o, tho\u00e1ng m\u00e1t, tr\u00e1nh \u00e1nh n\u1eafng tr\u1ef1c ti\u1ebfp, nhi\u1ec7t \u0111\u1ed9 cao ho\u1eb7c \u0111\u1ed9 \u1ea9m.<\/p>","protected":false},"excerpt":{"rendered":"<p><strong>MONDAY D\u1ea7u g\u1ed9i b\u1ea3o v\u1ec7 m\u00e0u t\u00f3c 354ml \u2013 D\u00e0nh cho t\u00f3c nhu\u1ed9m m\u00e0u<\/strong><\/p>\n<p>COLOR PROTECT D\u1ea7u g\u1ed9i v\u00e0 D\u1ea7u x\u1ea3 k\u1ebft h\u1ee3p c\u00e1c th\u00e0nh ph\u1ea7n nh\u01b0 Axit amin, D\u1ea7u d\u1eeba, B\u01a1 shea, Vitamin E v\u00e0 D\u1ea7u jojoba \u0111\u1ec3 b\u1ea3o v\u1ec7 t\u00f3c nhu\u1ed9m m\u00e0u, t\u0103ng c\u01b0\u1eddng \u0111\u1ed9 b\u00f3ng m\u01b0\u1ee3t v\u00e0 \u0111\u1ec3 l\u1ea1i m\u00e1i t\u00f3c m\u1ec1m m\u01b0\u1ee3t v\u00e0 s\u00e1ng b\u00f3ng.<\/p>\n<p><strong>L\u1ee2I \u00cdCH CH\u00cdNH<\/strong><br \/>\n\u0110\u00e3 gi\u00e0nh \u0111\u01b0\u1ee3c nhi\u1ec1u gi\u1ea3i th\u01b0\u1edfng<br \/>\nKh\u00f4ng ch\u1ee9a sulfat ho\u1eb7c paraben.<br \/>\n\u0110\u01b0\u1ee3c ch\u1ee9ng nh\u1eadn kh\u00f4ng th\u1eed nghi\u1ec7m tr\u00ean \u0111\u1ed9ng v\u1eadt<br \/>\nChai c\u00f3 th\u1ec3 t\u00e1i ch\u1ebf<br \/>\nM\u00f9i hoa nh\u00e0i nh\u1eb9 nh\u00e0ng<\/p>","protected":false},"featured_media":1862,"comment_status":"open","ping_status":"closed","template":"","meta":{"_acf_changed":false},"product_brand":[44],"product_cat":[68],"product_tag":[113],"class_list":{"0":"post-1404","1":"product","2":"type-product","3":"status-publish","4":"has-post-thumbnail","6":"product_brand-monday-haircare","7":"product_cat-shampoo","8":"product_tag-free-delivery","10":"first","11":"instock","12":"taxable","13":"shipping-taxable","14":"purchasable","15":"product-type-simple"},"acf":[],"_links":{"self":[{"href":"https:\/\/allasiaconnect.com\/vi\/wp-json\/wp\/v2\/product\/1404","targetHints":{"allow":["GET"]}}],"collection":[{"href":"https:\/\/allasiaconnect.com\/vi\/wp-json\/wp\/v2\/product"}],"about":[{"href":"https:\/\/allasiaconnect.com\/vi\/wp-json\/wp\/v2\/types\/product"}],"replies":[{"embeddable":true,"href":"https:\/\/allasiaconnect.com\/vi\/wp-json\/wp\/v2\/comments?post=1404"}],"wp:featuredmedia":[{"embeddable":true,"href":"https:\/\/allasiaconnect.com\/vi\/wp-json\/wp\/v2\/media\/1862"}],"wp:attachment":[{"href":"https:\/\/allasiaconnect.com\/vi\/wp-json\/wp\/v2\/media?parent=1404"}],"wp:term":[{"taxonomy":"product_brand","embeddable":true,"href":"https:\/\/allasiaconnect.com\/vi\/wp-json\/wp\/v2\/product_brand?post=1404"},{"taxonomy":"product_cat","embeddable":true,"href":"https:\/\/allasiaconnect.com\/vi\/wp-json\/wp\/v2\/product_cat?post=1404"},{"taxonomy":"product_tag","embeddable":true,"href":"https:\/\/allasiaconnect.com\/vi\/wp-json\/wp\/v2\/product_tag?post=1404"}],"curies":[{"name":"wp","href":"https:\/\/api.w.org\/{rel}","templated":true}]}}