{"id":1391,"date":"2025-09-23T09:34:07","date_gmt":"2025-09-23T09:34:07","guid":{"rendered":"https:\/\/allasiaconnect.com\/product\/little-blossom-organic-brown-rice-puffs-strawberry-4g-x-10-packs\/"},"modified":"2026-04-13T09:31:34","modified_gmt":"2026-04-13T09:31:34","slug":"little-blossom-organic-brown-rice-puffs-strawberry-4g-x-10-packs","status":"publish","type":"product","link":"https:\/\/allasiaconnect.com\/vi\/san-pham\/little-blossom-organic-brown-rice-puffs-strawberry-4g-x-10-packs\/","title":{"rendered":"LITTLE BLOSSOM G\u1ea0O L\u1ea0C H\u1eeeU C\u01a0 \u2013 V\u1eca D\u00c2U T\u00c2Y 4G x 10 G\u00d3I"},"content":{"rendered":"<p><strong>LITTLE BLOSSOM G\u1ea0O L\u1ee8A H\u1eeeU C\u01a0 \u2013 V\u1eca D\u00c2U T\u00c2Y (4G)<\/strong><\/p>\n<p>D\u00e0nh cho b\u00e9 t\u1eeb 9 th\u00e1ng tu\u1ed5i tr\u1edf l\u00ean | S\u1ea3n ph\u1ea9m h\u1eefu c\u01a1 t\u1ed1t cho s\u1ee9c kh\u1ecfe, d\u1ec5 \u0103n, \u0111\u01b0\u1ee3c c\u00e1c b\u1eadc ph\u1ee5 huynh tin t\u01b0\u1edfng, b\u00e9 y\u00eau th\u00edch!<\/p>\n<h3><b>L\u1ee2I \u00cdCH CH\u00cdNH<\/b><\/h3>\n<ul>\n<li>100% th\u00e0nh ph\u1ea7n h\u1eefu c\u01a1 t\u1ef1 nhi\u00ean, an to\u00e0n cho b\u00e9 y\u00eau c\u1ee7a b\u1ea1n.<\/li>\n<li>Kh\u00f4ng th\u00eam \u0111\u01b0\u1eddng, kh\u00f4ng mu\u1ed1i, kh\u00f4ng ch\u1ea5t b\u1ea3o qu\u1ea3n.<\/li>\n<li>H\u00ecnh d\u00e1ng b\u00f4ng hoa xinh x\u1eafn khi\u1ebfn gi\u1edd \u0103n tr\u1edf n\u00ean vui v\u1ebb cho b\u00e9 y\u00eau c\u1ee7a b\u1ea1n.<\/li>\n<li>V\u1ecb t\u00e1o v\u00e0 b\u00f4ng c\u1ea3i xanh nh\u1eb9 nh\u00e0ng, d\u1ec5 ch\u1ecbu, d\u1ec5 \u0103n, ho\u00e0n h\u1ea3o cho b\u00e9 \u0111ang h\u1ecdc c\u00e1ch nhai.<\/li>\n<\/ul>\n<h3><b>Ph\u00f9 h\u1ee3p cho tr\u1ebb s\u01a1 sinh t\u1eeb 9 th\u00e1ng tu\u1ed5i tr\u1edf l\u00ean.<\/b><\/h3>\n<ul>\n<li>\u0110\u1ed1i v\u1edbi tr\u1ebb s\u01a1 sinh \u0111\u00e3 quen v\u1edbi th\u1ee9c \u0103n \u0111\u1eb7c, c\u00f3 th\u1ec3 t\u1ef1 \u0103n v\u00e0 nhai \u0111\u01b0\u1ee3c c\u00e1c mi\u1ebfng b\u00e1nh x\u1ed1p.<\/li>\n<li>\u0110\u1ed1i v\u1edbi tr\u1ebb s\u01a1 sinh m\u1edbi b\u1eaft \u0111\u1ea7u \u0103n d\u1eb7m: B\u1ea1n c\u00f3 th\u1ec3 tr\u1ed9n b\u1ed9t ng\u0169 c\u1ed1c v\u1edbi s\u1eefa \u0111\u1ec3 c\u00f3 \u0111\u1ed9 m\u1ec1m m\u1ecbn h\u01a1n.<\/li>\n<li><i>Kh\u00f4ng n\u00ean cho tr\u1ebb d\u01b0\u1edbi 6 th\u00e1ng tu\u1ed5i s\u1eed d\u1ee5ng v\u00ec h\u1ec7 ti\u00eau h\u00f3a c\u1ee7a tr\u1ebb v\u1eabn \u0111ang ph\u00e1t tri\u1ec3n. Tr\u1ebb ch\u1ec9 n\u00ean \u0111\u01b0\u1ee3c cho b\u00fa s\u1eefa m\u1eb9 ho\u1eb7c s\u1eefa c\u00f4ng th\u1ee9c theo h\u01b0\u1edbng d\u1eabn c\u1ee7a chuy\u00ean gia.<\/i><\/li>\n<\/ul>\n<h3><b>TH\u00c0NH PH\u1ea6N<\/b><\/h3>\n<p>G\u1ea1o l\u1ee9t Jasmine, B\u1ed9t ng\u00f4, D\u1ea7u c\u00e1m g\u1ea1o, B\u1ed9t d\u00e2u t\u00e2y<\/p>\n<h3><b>TH\u00d4NG TIN S\u1ea2N PH\u1ea8M<\/b><\/h3>\n<ul>\n<li><b>Th\u01b0\u01a1ng hi\u1ec7u:<\/b> Hoa Nh\u1ecf (Singapore)<\/li>\n<li><b>S\u1ea3n xu\u1ea5t t\u1ea1i:<\/b> Th\u00e1i Lan<\/li>\n<li><b>Tr\u1ecdng l\u01b0\u1ee3ng t\u1ecbnh:<\/b> 40 gam<\/li>\n<li><b>Th\u1eddi h\u1ea1n s\u1eed d\u1ee5ng:<\/b> 18 th\u00e1ng k\u1ec3 t\u1eeb ng\u00e0y s\u1ea3n xu\u1ea5t (xem bao b\u00ec).<\/li>\n<\/ul>\n<h3><b>H\u01af\u1edaNG D\u1eaaN S\u1eec D\u1ee4NG<\/b><\/h3>\n<ul>\n<li>M\u1edf g\u00f3i v\u00e0 d\u00f9ng ngay.<\/li>\n<li>Tr\u1ed9n v\u1edbi s\u1eefa \u0111\u1ec3 l\u00e0m m\u1ec1m cho tr\u1ebb s\u01a1 sinh m\u1edbi b\u1eaft \u0111\u1ea7u \u0103n d\u1eb7m.<\/li>\n<\/ul>\n<h3><b>H\u01af\u1edaNG D\u1eaaN B\u1ea2O QU\u1ea2N<\/b><\/h3>\n<ul>\n<li>B\u1ea3o qu\u1ea3n \u1edf n\u01a1i kh\u00f4 r\u00e1o, tho\u00e1ng m\u00e1t.<\/li>\n<li>Sau khi m\u1edf, h\u00e3y \u0111\u00f3ng g\u00f3i l\u1ea1i th\u1eadt k\u00edn ho\u1eb7c \u0111\u1eb7t v\u00e0o h\u1ed9p \u0111\u1ef1ng k\u00edn kh\u00ed.<\/li>\n<li>H\u00e3y s\u1eed d\u1ee5ng trong v\u00f2ng 30 ng\u00e0y sau khi m\u1edf \u0111\u1ec3 gi\u1eef \u0111\u1ed9 gi\u00f2n.<\/li>\n<\/ul>","protected":false},"excerpt":{"rendered":"<p><strong>LITTLE BLOSSOM G\u1ea0O L\u1ee8A H\u1eeeU C\u01a0 \u2013 V\u1eca D\u00c2U T\u00c2Y (4G)<\/strong><\/p>\n<p>D\u00e0nh cho b\u00e9 t\u1eeb 9 th\u00e1ng tu\u1ed5i tr\u1edf l\u00ean | S\u1ea3n ph\u1ea9m h\u1eefu c\u01a1 t\u1ed1t cho s\u1ee9c kh\u1ecfe, d\u1ec5 \u0103n, \u0111\u01b0\u1ee3c c\u00e1c b\u1eadc ph\u1ee5 huynh tin t\u01b0\u1edfng, b\u00e9 y\u00eau th\u00edch!<\/p>\n<h3><b>L\u1ee2I \u00cdCH CH\u00cdNH<\/b><\/h3>\n<ul>\n<li>100% th\u00e0nh ph\u1ea7n h\u1eefu c\u01a1 t\u1ef1 nhi\u00ean, an to\u00e0n cho b\u00e9 y\u00eau c\u1ee7a b\u1ea1n.<\/li>\n<li>Kh\u00f4ng th\u00eam \u0111\u01b0\u1eddng, kh\u00f4ng mu\u1ed1i, kh\u00f4ng ch\u1ea5t b\u1ea3o qu\u1ea3n.<\/li>\n<li>H\u00ecnh d\u00e1ng b\u00f4ng hoa xinh x\u1eafn khi\u1ebfn gi\u1edd \u0103n tr\u1edf n\u00ean vui v\u1ebb cho b\u00e9 y\u00eau c\u1ee7a b\u1ea1n.<\/li>\n<li>V\u1ecb t\u00e1o v\u00e0 b\u00f4ng c\u1ea3i xanh nh\u1eb9 nh\u00e0ng, d\u1ec5 ch\u1ecbu, d\u1ec5 \u0103n, ho\u00e0n h\u1ea3o cho b\u00e9 \u0111ang h\u1ecdc c\u00e1ch nhai.<\/li>\n<\/ul>","protected":false},"featured_media":1642,"comment_status":"open","ping_status":"closed","template":"","meta":{"_acf_changed":false},"product_brand":[77],"product_cat":[66],"product_tag":[84],"class_list":{"0":"post-1391","1":"product","2":"type-product","3":"status-publish","4":"has-post-thumbnail","6":"product_brand-little-blossom-organic-rice-puffs-snacks","7":"product_cat-baby-food","8":"product_tag-best-selling","10":"first","11":"instock","12":"taxable","13":"shipping-taxable","14":"purchasable","15":"product-type-simple"},"acf":[],"_links":{"self":[{"href":"https:\/\/allasiaconnect.com\/vi\/wp-json\/wp\/v2\/product\/1391","targetHints":{"allow":["GET"]}}],"collection":[{"href":"https:\/\/allasiaconnect.com\/vi\/wp-json\/wp\/v2\/product"}],"about":[{"href":"https:\/\/allasiaconnect.com\/vi\/wp-json\/wp\/v2\/types\/product"}],"replies":[{"embeddable":true,"href":"https:\/\/allasiaconnect.com\/vi\/wp-json\/wp\/v2\/comments?post=1391"}],"wp:featuredmedia":[{"embeddable":true,"href":"https:\/\/allasiaconnect.com\/vi\/wp-json\/wp\/v2\/media\/1642"}],"wp:attachment":[{"href":"https:\/\/allasiaconnect.com\/vi\/wp-json\/wp\/v2\/media?parent=1391"}],"wp:term":[{"taxonomy":"product_brand","embeddable":true,"href":"https:\/\/allasiaconnect.com\/vi\/wp-json\/wp\/v2\/product_brand?post=1391"},{"taxonomy":"product_cat","embeddable":true,"href":"https:\/\/allasiaconnect.com\/vi\/wp-json\/wp\/v2\/product_cat?post=1391"},{"taxonomy":"product_tag","embeddable":true,"href":"https:\/\/allasiaconnect.com\/vi\/wp-json\/wp\/v2\/product_tag?post=1391"}],"curies":[{"name":"wp","href":"https:\/\/api.w.org\/{rel}","templated":true}]}}