{"id":923,"date":"2025-08-06T13:52:29","date_gmt":"2025-08-06T13:52:29","guid":{"rendered":"https:\/\/allasiaconnect.com\/?page_id=923"},"modified":"2025-10-30T12:25:31","modified_gmt":"2025-10-30T12:25:31","slug":"cookie-policy","status":"publish","type":"page","link":"https:\/\/allasiaconnect.com\/vi\/cookie-policy\/","title":{"rendered":"Ch\u00ednh s\u00e1ch v\u1ec1 cookie"},"content":{"rendered":"<div data-elementor-type=\"wp-page\" data-elementor-id=\"923\" class=\"elementor elementor-923\" data-elementor-post-type=\"page\">\n\t\t\t\t<div class=\"elementor-element elementor-element-9198cdf e-flex e-con-boxed e-con e-parent\" data-id=\"9198cdf\" data-element_type=\"container\" data-e-type=\"container\" data-settings=\"{&quot;background_background&quot;:&quot;classic&quot;,&quot;jet_parallax_layout_list&quot;:[]}\">\n\t\t\t\t\t<div class=\"e-con-inner\">\n\t\t\t\t<div class=\"elementor-element elementor-element-170ede1 elementor-widget elementor-widget-text-editor\" data-id=\"170ede1\" data-element_type=\"widget\" data-e-type=\"widget\" data-widget_type=\"text-editor.default\">\n\t\t\t\t\t\t\t\t\t<p>Hi\u1ec3u c\u00e1ch ch\u00fang t\u00f4i s\u1eed d\u1ee5ng cookie \u0111\u1ec3 n\u00e2ng cao tr\u1ea3i nghi\u1ec7m duy\u1ec7t web c\u1ee7a b\u1ea1n<\/p>\t\t\t\t\t\t\t\t<\/div>\n\t\t\t\t\t<\/div>\n\t\t\t\t<\/div>\n\t\t<div class=\"elementor-element elementor-element-b3d5b79 e-flex e-con-boxed e-con e-parent\" data-id=\"b3d5b79\" data-element_type=\"container\" data-e-type=\"container\" data-settings=\"{&quot;background_background&quot;:&quot;classic&quot;,&quot;jet_parallax_layout_list&quot;:[]}\">\n\t\t\t\t\t<div class=\"e-con-inner\">\n\t\t<div class=\"elementor-element elementor-element-e9e254c e-con-full e-flex e-con e-child\" data-id=\"e9e254c\" data-element_type=\"container\" data-e-type=\"container\" data-settings=\"{&quot;jet_parallax_layout_list&quot;:[]}\">\n\t\t<div class=\"elementor-element elementor-element-00f10db e-con-full e-flex e-con e-child\" data-id=\"00f10db\" data-element_type=\"container\" data-e-type=\"container\" data-settings=\"{&quot;jet_parallax_layout_list&quot;:[]}\">\n\t\t\t\t<div class=\"elementor-element elementor-element-a17e057 elementor-widget elementor-widget-heading\" data-id=\"a17e057\" data-element_type=\"widget\" data-e-type=\"widget\" data-widget_type=\"heading.default\">\n\t\t\t\t\t<h2 class=\"elementor-heading-title elementor-size-default\">Gi\u1edbi thi\u1ec7u<\/h2>\t\t\t\t<\/div>\n\t\t\t\t<\/div>\n\t\t<div class=\"elementor-element elementor-element-7af3373 e-con-full e-flex e-con e-child\" data-id=\"7af3373\" data-element_type=\"container\" data-e-type=\"container\" data-settings=\"{&quot;jet_parallax_layout_list&quot;:[]}\">\n\t\t\t\t<div class=\"elementor-element elementor-element-8671abf elementor-widget elementor-widget-text-editor\" data-id=\"8671abf\" data-element_type=\"widget\" data-e-type=\"widget\" data-widget_type=\"text-editor.default\">\n\t\t\t\t\t\t\t\t\t<p>Lorem ipsum dolor sit amet, consectetur adipiscing elit. Sed vitae faucibus mi, sit amet congue purus. Aenean finibus diam sit amet ligula tempor, at vehicula mauris efficitur. Nulla facilisi. Ut a lectus sit amet urna blandit euismod. Vestibulum ante ipsum primis in faucibus orci luctus et ultrices posuere cubilia curae; Cras tincidunt est ac nisl fringilla tincidunt.<\/p>\t\t\t\t\t\t\t\t<\/div>\n\t\t\t\t<\/div>\n\t\t\t\t<\/div>\n\t\t<div class=\"elementor-element elementor-element-3879a8b e-con-full e-flex e-con e-child\" data-id=\"3879a8b\" data-element_type=\"container\" data-e-type=\"container\" data-settings=\"{&quot;jet_parallax_layout_list&quot;:[]}\">\n\t\t<div class=\"elementor-element elementor-element-a5817cf e-con-full e-flex e-con e-child\" data-id=\"a5817cf\" data-element_type=\"container\" data-e-type=\"container\" data-settings=\"{&quot;jet_parallax_layout_list&quot;:[]}\">\n\t\t\t\t<div class=\"elementor-element elementor-element-dad4b88 elementor-widget elementor-widget-heading\" data-id=\"dad4b88\" data-element_type=\"widget\" data-e-type=\"widget\" data-widget_type=\"heading.default\">\n\t\t\t\t\t<h2 class=\"elementor-heading-title elementor-size-default\">Cookie l\u00e0 g\u00ec?<\/h2>\t\t\t\t<\/div>\n\t\t\t\t<\/div>\n\t\t<div class=\"elementor-element elementor-element-be347b8 e-con-full e-flex e-con e-child\" data-id=\"be347b8\" data-element_type=\"container\" data-e-type=\"container\" data-settings=\"{&quot;jet_parallax_layout_list&quot;:[]}\">\n\t\t\t\t<div class=\"elementor-element elementor-element-261bc88 elementor-widget elementor-widget-text-editor\" data-id=\"261bc88\" data-element_type=\"widget\" data-e-type=\"widget\" data-widget_type=\"text-editor.default\">\n\t\t\t\t\t\t\t\t\t<p>Lorem ipsum dolor sit amet, consectetur adipiscing elit. Sed vitae faucibus mi, sit amet congue purus. Aenean finibus diam sit amet ligula tempor, at vehicula mauris efficitur. Nulla facilisi. Ut a lectus sit amet urna blandit euismod. Vestibulum ante ipsum primis in faucibus orci luctus et ultrices posuere cubilia curae; Cras tincidunt est ac nisl fringilla tincidunt.<\/p>\t\t\t\t\t\t\t\t<\/div>\n\t\t\t\t<\/div>\n\t\t\t\t<\/div>\n\t\t<div class=\"elementor-element elementor-element-d578251 e-con-full e-flex e-con e-child\" data-id=\"d578251\" data-element_type=\"container\" data-e-type=\"container\" data-settings=\"{&quot;jet_parallax_layout_list&quot;:[]}\">\n\t\t<div class=\"elementor-element elementor-element-863fe9a e-con-full e-flex e-con e-child\" data-id=\"863fe9a\" data-element_type=\"container\" data-e-type=\"container\" data-settings=\"{&quot;jet_parallax_layout_list&quot;:[]}\">\n\t\t\t\t<div class=\"elementor-element elementor-element-523bd40 elementor-widget elementor-widget-heading\" data-id=\"523bd40\" data-element_type=\"widget\" data-e-type=\"widget\" data-widget_type=\"heading.default\">\n\t\t\t\t\t<h2 class=\"elementor-heading-title elementor-size-default\">C\u00e1ch ch\u00fang t\u00f4i s\u1eed d\u1ee5ng cookie<\/h2>\t\t\t\t<\/div>\n\t\t\t\t<\/div>\n\t\t<div class=\"elementor-element elementor-element-3dc6cbd e-con-full e-flex e-con e-child\" data-id=\"3dc6cbd\" data-element_type=\"container\" data-e-type=\"container\" data-settings=\"{&quot;jet_parallax_layout_list&quot;:[]}\">\n\t\t\t\t<div class=\"elementor-element elementor-element-7f02142 elementor-widget elementor-widget-text-editor\" data-id=\"7f02142\" data-element_type=\"widget\" data-e-type=\"widget\" data-widget_type=\"text-editor.default\">\n\t\t\t\t\t\t\t\t\t<p>Lorem ipsum dolor sit amet, consectetur adipiscing elit. Sed vitae faucibus mi, sit amet congue purus. Aenean finibus diam sit amet ligula tempor, at vehicula mauris efficitur. Nulla facilisi. Ut a lectus sit amet urna blandit euismod. Vestibulum ante ipsum primis in faucibus orci luctus et ultrices posuere cubilia curae; Cras tincidunt est ac nisl fringilla tincidunt.<\/p>\t\t\t\t\t\t\t\t<\/div>\n\t\t\t\t<\/div>\n\t\t\t\t<\/div>\n\t\t<div class=\"elementor-element elementor-element-752977e e-con-full e-flex e-con e-child\" data-id=\"752977e\" data-element_type=\"container\" data-e-type=\"container\" data-settings=\"{&quot;jet_parallax_layout_list&quot;:[]}\">\n\t\t<div class=\"elementor-element elementor-element-2d0ccd2 e-con-full e-flex e-con e-child\" data-id=\"2d0ccd2\" data-element_type=\"container\" data-e-type=\"container\" data-settings=\"{&quot;jet_parallax_layout_list&quot;:[]}\">\n\t\t\t\t<div class=\"elementor-element elementor-element-b9fe27c elementor-widget elementor-widget-heading\" data-id=\"b9fe27c\" data-element_type=\"widget\" data-e-type=\"widget\" data-widget_type=\"heading.default\">\n\t\t\t\t\t<h2 class=\"elementor-heading-title elementor-size-default\">C\u00e1c lo\u1ea1i cookie m\u00e0 ch\u00fang t\u00f4i s\u1eed d\u1ee5ng<\/h2>\t\t\t\t<\/div>\n\t\t\t\t<\/div>\n\t\t<div class=\"elementor-element elementor-element-7c2ce5d e-con-full e-flex e-con e-child\" data-id=\"7c2ce5d\" data-element_type=\"container\" data-e-type=\"container\" data-settings=\"{&quot;jet_parallax_layout_list&quot;:[]}\">\n\t\t\t\t<div class=\"elementor-element elementor-element-5d29313 elementor-widget elementor-widget-text-editor\" data-id=\"5d29313\" data-element_type=\"widget\" data-e-type=\"widget\" data-widget_type=\"text-editor.default\">\n\t\t\t\t\t\t\t\t\t<p>Lorem ipsum dolor sit amet, consectetur adipiscing elit. Sed vitae faucibus mi, sit amet congue purus. Aenean finibus diam sit amet ligula tempor, at vehicula mauris efficitur. Nulla facilisi. Ut a lectus sit amet urna blandit euismod. Vestibulum ante ipsum primis in faucibus orci luctus et ultrices posuere cubilia curae; Cras tincidunt est ac nisl fringilla tincidunt.<\/p>\t\t\t\t\t\t\t\t<\/div>\n\t\t\t\t<\/div>\n\t\t\t\t<\/div>\n\t\t<div class=\"elementor-element elementor-element-31778be e-con-full e-flex e-con e-child\" data-id=\"31778be\" data-element_type=\"container\" data-e-type=\"container\" data-settings=\"{&quot;jet_parallax_layout_list&quot;:[]}\">\n\t\t<div class=\"elementor-element elementor-element-fb4f44f e-con-full e-flex e-con e-child\" data-id=\"fb4f44f\" data-element_type=\"container\" data-e-type=\"container\" data-settings=\"{&quot;jet_parallax_layout_list&quot;:[]}\">\n\t\t\t\t<div class=\"elementor-element elementor-element-c8bb780 elementor-widget elementor-widget-heading\" data-id=\"c8bb780\" data-element_type=\"widget\" data-e-type=\"widget\" data-widget_type=\"heading.default\">\n\t\t\t\t\t<h2 class=\"elementor-heading-title elementor-size-default\">Qu\u1ea3n l\u00fd Cookie<\/h2>\t\t\t\t<\/div>\n\t\t\t\t<\/div>\n\t\t<div class=\"elementor-element elementor-element-a1f0032 e-con-full e-flex e-con e-child\" data-id=\"a1f0032\" data-element_type=\"container\" data-e-type=\"container\" data-settings=\"{&quot;jet_parallax_layout_list&quot;:[]}\">\n\t\t\t\t<div class=\"elementor-element elementor-element-0407d0d elementor-widget elementor-widget-text-editor\" data-id=\"0407d0d\" data-element_type=\"widget\" data-e-type=\"widget\" data-widget_type=\"text-editor.default\">\n\t\t\t\t\t\t\t\t\t<p>Lorem ipsum dolor sit amet, consectetur adipiscing elit. Sed vitae faucibus mi, sit amet congue purus. Aenean finibus diam sit amet ligula tempor, at vehicula mauris efficitur. Nulla facilisi. Ut a lectus sit amet urna blandit euismod. Vestibulum ante ipsum primis in faucibus orci luctus et ultrices posuere cubilia curae; Cras tincidunt est ac nisl fringilla tincidunt.<\/p>\t\t\t\t\t\t\t\t<\/div>\n\t\t\t\t<\/div>\n\t\t\t\t<\/div>\n\t\t<div class=\"elementor-element elementor-element-9679279 e-con-full e-flex e-con e-child\" data-id=\"9679279\" data-element_type=\"container\" data-e-type=\"container\" data-settings=\"{&quot;jet_parallax_layout_list&quot;:[]}\">\n\t\t<div class=\"elementor-element elementor-element-9bad32e e-con-full e-flex e-con e-child\" data-id=\"9bad32e\" data-element_type=\"container\" data-e-type=\"container\" data-settings=\"{&quot;jet_parallax_layout_list&quot;:[]}\">\n\t\t\t\t<div class=\"elementor-element elementor-element-c8216f8 elementor-widget elementor-widget-heading\" data-id=\"c8216f8\" data-element_type=\"widget\" data-e-type=\"widget\" data-widget_type=\"heading.default\">\n\t\t\t\t\t<h2 class=\"elementor-heading-title elementor-size-default\">Cookie c\u1ee7a b\u00ean th\u1ee9 ba<\/h2>\t\t\t\t<\/div>\n\t\t\t\t<\/div>\n\t\t<div class=\"elementor-element elementor-element-77bca64 e-con-full e-flex e-con e-child\" data-id=\"77bca64\" data-element_type=\"container\" data-e-type=\"container\" data-settings=\"{&quot;jet_parallax_layout_list&quot;:[]}\">\n\t\t\t\t<div class=\"elementor-element elementor-element-b08fa81 elementor-widget elementor-widget-text-editor\" data-id=\"b08fa81\" data-element_type=\"widget\" data-e-type=\"widget\" data-widget_type=\"text-editor.default\">\n\t\t\t\t\t\t\t\t\t<p>Lorem ipsum dolor sit amet, consectetur adipiscing elit. Sed vitae faucibus mi, sit amet congue purus. Aenean finibus diam sit amet ligula tempor, at vehicula mauris efficitur. Nulla facilisi. Ut a lectus sit amet urna blandit euismod. Vestibulum ante ipsum primis in faucibus orci luctus et ultrices posuere cubilia curae; Cras tincidunt est ac nisl fringilla tincidunt.<\/p>\t\t\t\t\t\t\t\t<\/div>\n\t\t\t\t<\/div>\n\t\t\t\t<\/div>\n\t\t\t\t\t<\/div>\n\t\t\t\t<\/div>\n\t\t<div class=\"elementor-element elementor-element-ae36b76 e-flex e-con-boxed e-con e-parent\" data-id=\"ae36b76\" data-element_type=\"container\" data-e-type=\"container\" data-settings=\"{&quot;background_background&quot;:&quot;classic&quot;,&quot;jet_parallax_layout_list&quot;:[]}\">\n\t\t\t\t\t<div class=\"e-con-inner\">\n\t\t<div class=\"elementor-element elementor-element-a5e02ec e-con-full e-flex e-con e-child\" data-id=\"a5e02ec\" data-element_type=\"container\" data-e-type=\"container\" data-settings=\"{&quot;jet_parallax_layout_list&quot;:[]}\">\n\t\t<div class=\"elementor-element elementor-element-6823b0c e-con-full e-flex e-con e-child\" data-id=\"6823b0c\" data-element_type=\"container\" data-e-type=\"container\" data-settings=\"{&quot;jet_parallax_layout_list&quot;:[]}\">\n\t\t\t\t<div class=\"elementor-element elementor-element-56b5d13 elementor-widget elementor-widget-heading\" data-id=\"56b5d13\" data-element_type=\"widget\" data-e-type=\"widget\" data-widget_type=\"heading.default\">\n\t\t\t\t\t<h2 class=\"elementor-heading-title elementor-size-default\">C\u1eadp nh\u1eadt tin t\u1ee9c &amp; \u01b0u \u0111\u00e3i<\/h2>\t\t\t\t<\/div>\n\t\t\t\t<div class=\"elementor-element elementor-element-38b46a0 elementor-widget__width-initial elementor-widget elementor-widget-text-editor\" data-id=\"38b46a0\" data-element_type=\"widget\" data-e-type=\"widget\" data-widget_type=\"text-editor.default\">\n\t\t\t\t\t\t\t\t\t<p>Qu\u00e9t m\u00e3 QR \u0111\u1ec3 lu\u00f4n k\u1ebft n\u1ed1i c\u00f9ng ch\u00fang t\u00f4i.\nC\u1eadp nh\u1eadt \u01b0u \u0111\u00e3i \u0111\u1ed9c quy\u1ec1n, th\u00f4ng tin ra m\u1eaft s\u1ea3n ph\u1ea9m v\u00e0 nh\u1eefng n\u1ed9i dung h\u1eefu \u00edch t\u1eeb h\u1ec7 sinh th\u00e1i th\u01b0\u01a1ng hi\u1ec7u c\u1ee7a ch\u00fang t\u00f4i.<\/p>\t\t\t\t\t\t\t\t<\/div>\n\t\t\t\t<\/div>\n\t\t<div class=\"elementor-element elementor-element-eafff10 e-con-full e-flex e-con e-child\" data-id=\"eafff10\" data-element_type=\"container\" data-e-type=\"container\" data-settings=\"{&quot;jet_parallax_layout_list&quot;:[]}\">\n\t\t\t\t<div class=\"elementor-element elementor-element-5f58a31 elementor-widget-mobile__width-initial elementor-widget elementor-widget-image\" data-id=\"5f58a31\" data-element_type=\"widget\" data-e-type=\"widget\" data-widget_type=\"image.default\">\n\t\t\t\t\t\t\t\t\t\t\t\t\t\t\t<img decoding=\"async\" width=\"204\" height=\"209\" src=\"https:\/\/allasiaconnect.com\/wp-content\/uploads\/2025\/10\/Frame-1410100207.png\" class=\"attachment-large size-large wp-image-1781\" srcset=\"https:\/\/allasiaconnect.com\/wp-content\/uploads\/2025\/10\/Frame-1410100207.png 204w, https:\/\/allasiaconnect.com\/wp-content\/uploads\/2025\/10\/Frame-1410100207-50x50.png 50w\" sizes=\"(max-width: 204px) 100vw, 204px\" \/>\t\t\t\t\t\t\t\t\t\t\t\t\t\t\t<\/div>\n\t\t\t\t<div class=\"elementor-element elementor-element-0071856 elementor-widget-mobile__width-initial elementor-widget elementor-widget-image\" data-id=\"0071856\" data-element_type=\"widget\" data-e-type=\"widget\" data-widget_type=\"image.default\">\n\t\t\t\t\t\t\t\t\t\t\t\t\t\t\t<img decoding=\"async\" width=\"204\" height=\"209\" src=\"https:\/\/allasiaconnect.com\/wp-content\/uploads\/2025\/10\/Frame-1410103270-1.png\" class=\"attachment-large size-large wp-image-1785\" srcset=\"https:\/\/allasiaconnect.com\/wp-content\/uploads\/2025\/10\/Frame-1410103270-1.png 204w, https:\/\/allasiaconnect.com\/wp-content\/uploads\/2025\/10\/Frame-1410103270-1-50x50.png 50w\" sizes=\"(max-width: 204px) 100vw, 204px\" \/>\t\t\t\t\t\t\t\t\t\t\t\t\t\t\t<\/div>\n\t\t\t\t<\/div>\n\t\t\t\t<\/div>\n\t\t\t\t\t<\/div>\n\t\t\t\t<\/div>\n\t\t\t\t<\/div>","protected":false},"excerpt":{"rendered":"<p>Understanding how we use cookies to enhance your browsing experience Introduction Lorem ipsum dolor sit amet, consectetur adipiscing elit. Sed vitae faucibus mi, sit amet congue purus. Aenean finibus diam sit amet ligula tempor, at vehicula mauris efficitur. Nulla facilisi. Ut a lectus sit amet urna blandit euismod. Vestibulum ante ipsum primis in faucibus orci [&hellip;]<\/p>\n","protected":false},"author":13,"featured_media":0,"parent":0,"menu_order":0,"comment_status":"closed","ping_status":"closed","template":"elementor_header_footer","meta":{"_acf_changed":false,"footnotes":""},"class_list":["post-923","page","type-page","status-publish","hentry"],"acf":[],"_links":{"self":[{"href":"https:\/\/allasiaconnect.com\/vi\/wp-json\/wp\/v2\/pages\/923","targetHints":{"allow":["GET"]}}],"collection":[{"href":"https:\/\/allasiaconnect.com\/vi\/wp-json\/wp\/v2\/pages"}],"about":[{"href":"https:\/\/allasiaconnect.com\/vi\/wp-json\/wp\/v2\/types\/page"}],"author":[{"embeddable":true,"href":"https:\/\/allasiaconnect.com\/vi\/wp-json\/wp\/v2\/users\/13"}],"replies":[{"embeddable":true,"href":"https:\/\/allasiaconnect.com\/vi\/wp-json\/wp\/v2\/comments?post=923"}],"version-history":[{"count":0,"href":"https:\/\/allasiaconnect.com\/vi\/wp-json\/wp\/v2\/pages\/923\/revisions"}],"wp:attachment":[{"href":"https:\/\/allasiaconnect.com\/vi\/wp-json\/wp\/v2\/media?parent=923"}],"curies":[{"name":"wp","href":"https:\/\/api.w.org\/{rel}","templated":true}]}}