{"id":4557,"date":"2025-11-26T19:38:42","date_gmt":"2025-11-26T19:38:42","guid":{"rendered":"https:\/\/allasiaconnect.com\/?page_id=4557"},"modified":"2026-02-12T10:10:24","modified_gmt":"2026-02-12T10:10:24","slug":"affliate-registration","status":"publish","type":"page","link":"https:\/\/allasiaconnect.com\/vi\/affliate-registration\/","title":{"rendered":"\u0110\u0103ng k\u00fd th\u00e0nh vi\u00ean li\u00ean k\u1ebft"},"content":{"rendered":"<div data-elementor-type=\"wp-page\" data-elementor-id=\"4557\" class=\"elementor elementor-4557\" data-elementor-post-type=\"page\">\n\t\t\t\t<div class=\"elementor-element elementor-element-a84a8c9 e-flex e-con-boxed e-con e-parent\" data-id=\"a84a8c9\" data-element_type=\"container\" data-e-type=\"container\" data-settings=\"{&quot;jet_parallax_layout_list&quot;:[]}\">\n\t\t\t\t\t<div class=\"e-con-inner\">\n\t\t\t\t<div class=\"elementor-element elementor-element-e6cff03 elementor-widget elementor-widget-heading\" data-id=\"e6cff03\" data-element_type=\"widget\" data-e-type=\"widget\" data-widget_type=\"heading.default\">\n\t\t\t\t\t<h2 class=\"elementor-heading-title elementor-size-default\">Tr\u1edf th\u00e0nh \u0110\u1ed1i t\u00e1c li\u00ean k\u1ebft<\/h2>\t\t\t\t<\/div>\n\t\t\t\t\t<\/div>\n\t\t\t\t<\/div>\n\t\t<div class=\"elementor-element elementor-element-808f52a e-flex e-con-boxed e-con e-parent\" data-id=\"808f52a\" data-element_type=\"container\" data-e-type=\"container\" data-settings=\"{&quot;jet_parallax_layout_list&quot;:[]}\">\n\t\t\t\t\t<div class=\"e-con-inner\">\n\t\t\t\t<div class=\"elementor-element elementor-element-ce98922 elementor-widget elementor-widget-shortcode\" data-id=\"ce98922\" data-element_type=\"widget\" data-e-type=\"widget\" data-widget_type=\"shortcode.default\">\n\t\t\t\t\t\t\t<div class=\"elementor-shortcode\"><div class=\"forminator-ui forminator-custom-form forminator-custom-form-5709 forminator-design--default  forminator_ajax\" data-forminator-render=\"0\" data-form=\"forminator-module-5709\" data-uid=\"69e05fbde06ea\"><br\/><\/div><form\n\t\t\t\tid=\"forminator-module-5709\"\n\t\t\t\tclass=\"forminator-ui forminator-custom-form forminator-custom-form-5709 forminator-design--default  forminator_ajax\"\n\t\t\t\tmethod=\"post\"\n\t\t\t\tdata-forminator-render=\"0\"\n\t\t\t\tdata-form-id=\"5709\"\n\t\t\t\t data-color-option=\"theme\" data-design=\"default\" data-grid=\"open\" style=\"display: none;\"\n\t\t\t\tdata-uid=\"69e05fbde06ea\" action=\"\"\n\t\t\t><div role=\"alert\" aria-live=\"polite\" class=\"forminator-response-message forminator-error\" aria-hidden=\"true\"><\/div><div class=\"forminator-row\"><div id=\"text-1\" class=\"forminator-field-text forminator-col forminator-col-12\"><div class=\"forminator-field\"><label for=\"forminator-field-text-1_69e05fbde06ea\" id=\"forminator-field-text-1_69e05fbde06ea-label\" class=\"forminator-label\">T\u00ean \u0111\u0103ng nh\u1eadp <span class=\"forminator-required\">*<\/span><\/label><input type=\"text\" name=\"text-1\" value=\"\" placeholder=\"\" id=\"forminator-field-text-1_69e05fbde06ea\" class=\"forminator-input forminator-name--field\" data-required=\"true\" \/><\/div><\/div><\/div><div class=\"forminator-row\"><div id=\"email-1\" class=\"forminator-field-email forminator-col forminator-col-12\"><div class=\"forminator-field\"><label for=\"forminator-field-email-1_69e05fbde06ea\" id=\"forminator-field-email-1_69e05fbde06ea-label\" class=\"forminator-label\">Th\u01b0 \u0111i\u1ec7n t\u1eed <span class=\"forminator-required\">*<\/span><\/label><input type=\"email\" name=\"email-1\" value=\"\" placeholder=\"\" id=\"forminator-field-email-1_69e05fbde06ea\" class=\"forminator-input forminator-email--field\" data-required=\"true\" aria-required=\"true\" autocomplete=\"email\" \/><\/div><\/div><\/div><div class=\"forminator-row\"><div id=\"password-1\" class=\"forminator-field-password forminator-col forminator-col-12\"><div class=\"forminator-field\"><label for=\"forminator-field-password-1_69e05fbde06ea\" id=\"forminator-field-password-1_69e05fbde06ea-label\" class=\"forminator-label\">M\u1eadt kh\u1ea9u <span class=\"forminator-required\">*<\/span><\/label><input name=\"password-1\" value=\"\" placeholder=\"\" id=\"forminator-field-password-1_69e05fbde06ea\" class=\"forminator-input forminator-name--field\" data-required=\"true\" type=\"password\" \/><\/div><\/div><\/div><input type=\"hidden\" name=\"referer_url\" value=\"\" \/><div class=\"forminator-row forminator-row-last\"><div class=\"forminator-col\"><div class=\"forminator-field\"><button class=\"forminator-button forminator-button-submit\">\u0110\u0103ng k\u00fd l\u00e0m \u0110\u1ed1i t\u00e1c<\/button><\/div><\/div><\/div><input type=\"hidden\" id=\"forminator_nonce\" name=\"forminator_nonce\" value=\"021047a212\" \/><input type=\"hidden\" name=\"_wp_http_referer\" value=\"\/vi\/wp-json\/wp\/v2\/pages\/4557\" \/><input type=\"hidden\" name=\"form_id\" value=\"5709\"><input type=\"hidden\" name=\"page_id\" value=\"4557\"><input type=\"hidden\" name=\"form_type\" value=\"registration\"><input type=\"hidden\" name=\"current_url\" value=\"https:\/\/allasiaconnect.com\/vi\/affliate-registration\/\"><input type=\"hidden\" name=\"render_id\" value=\"0\"><input type=\"hidden\" name=\"action\" value=\"forminator_submit_form_custom-forms\"><input type=\"hidden\" name=\"trp-form-language\" value=\"vi\"\/><\/form><\/div>\n\t\t\t\t\t\t<\/div>\n\t\t\t\t\t<\/div>\n\t\t\t\t<\/div>\n\t\t\t\t<\/div>","protected":false},"excerpt":{"rendered":"<p>Tr\u1edf th\u00e0nh \u0110\u1ed1i t\u00e1c li\u00ean k\u1ebft<\/p>","protected":false},"author":13,"featured_media":0,"parent":0,"menu_order":0,"comment_status":"closed","ping_status":"closed","template":"","meta":{"_acf_changed":false,"footnotes":""},"class_list":["post-4557","page","type-page","status-publish","hentry"],"acf":[],"_links":{"self":[{"href":"https:\/\/allasiaconnect.com\/vi\/wp-json\/wp\/v2\/pages\/4557","targetHints":{"allow":["GET"]}}],"collection":[{"href":"https:\/\/allasiaconnect.com\/vi\/wp-json\/wp\/v2\/pages"}],"about":[{"href":"https:\/\/allasiaconnect.com\/vi\/wp-json\/wp\/v2\/types\/page"}],"author":[{"embeddable":true,"href":"https:\/\/allasiaconnect.com\/vi\/wp-json\/wp\/v2\/users\/13"}],"replies":[{"embeddable":true,"href":"https:\/\/allasiaconnect.com\/vi\/wp-json\/wp\/v2\/comments?post=4557"}],"version-history":[{"count":0,"href":"https:\/\/allasiaconnect.com\/vi\/wp-json\/wp\/v2\/pages\/4557\/revisions"}],"wp:attachment":[{"href":"https:\/\/allasiaconnect.com\/vi\/wp-json\/wp\/v2\/media?parent=4557"}],"curies":[{"name":"wp","href":"https:\/\/api.w.org\/{rel}","templated":true}]}}