{"id":4331,"date":"2025-11-24T06:40:19","date_gmt":"2025-11-24T06:40:19","guid":{"rendered":"https:\/\/allasiaconnect.com\/?page_id=4331"},"modified":"2025-11-24T19:01:14","modified_gmt":"2025-11-24T19:01:14","slug":"chinh-sach-doi-tra-hoan-tien","status":"publish","type":"page","link":"https:\/\/allasiaconnect.com\/vi\/chinh-sach-doi-tra-hoan-tien\/","title":{"rendered":"Ch\u00ednh s\u00e1ch \u0111\u1ed5i tr\u1ea3 \/ Ho\u00e0n ti\u1ec1n"},"content":{"rendered":"<div data-elementor-type=\"wp-page\" data-elementor-id=\"4331\" class=\"elementor elementor-4331\" data-elementor-post-type=\"page\">\n\t\t\t\t<div class=\"elementor-element elementor-element-e366504 e-flex e-con-boxed e-con e-parent\" data-id=\"e366504\" data-element_type=\"container\" data-e-type=\"container\" data-settings=\"{&quot;jet_parallax_layout_list&quot;:[]}\">\n\t\t\t\t\t<div class=\"e-con-inner\">\n\t\t\t\t<div class=\"elementor-element elementor-element-f24eaf3 elementor-widget elementor-widget-heading\" data-id=\"f24eaf3\" data-element_type=\"widget\" data-e-type=\"widget\" data-widget_type=\"heading.default\">\n\t\t\t\t\t<h2 class=\"elementor-heading-title elementor-size-default\">Ch\u00ednh s\u00e1ch \u0111\u1ed5i tr\u1ea3 \/ Ho\u00e0n ti\u1ec1n<\/h2>\t\t\t\t<\/div>\n\t\t\t\t\t<\/div>\n\t\t\t\t<\/div>\n\t\t<div class=\"elementor-element elementor-element-df981e1 e-flex e-con-boxed e-con e-parent\" data-id=\"df981e1\" data-element_type=\"container\" data-e-type=\"container\" data-settings=\"{&quot;jet_parallax_layout_list&quot;:[]}\">\n\t\t\t\t\t<div class=\"e-con-inner\">\n\t\t\t\t<div class=\"elementor-element elementor-element-2ec74a8 elementor-widget elementor-widget-text-editor\" data-id=\"2ec74a8\" data-element_type=\"widget\" data-e-type=\"widget\" data-widget_type=\"text-editor.default\">\n\t\t\t\t\t\t\t\t\t <h3 style=\"color:#000000;\">T\u1ed5ng quan<\/h3>\n  <p>\n    T\u1ea1i Allasiaconnect.com, tr\u1ea3i nghi\u1ec7m c\u1ee7a kh\u00e1ch h\u00e0ng l\u00e0 \u01b0u ti\u00ean h\u00e0ng \u0111\u1ea7u c\u1ee7a ch\u00fang t\u00f4i. T\u1ea5t c\u1ea3 s\u1ea3n ph\u1ea9m \u0111\u1ec1u \u0111\u01b0\u1ee3c ki\u1ec3m tra ch\u1ea5t l\u01b0\u1ee3ng tr\u01b0\u1edbc khi \u0111\u00f3ng g\u00f3i \u0111\u1ec3 \u0111\u1ea3m b\u1ea3o s\u1ef1 h\u00e0i l\u00f2ng 100% cho kh\u00e1ch h\u00e0ng. Tuy nhi\u00ean, ch\u00fang t\u00f4i hi\u1ec3u r\u1eb1ng \u0111\u00f4i khi c\u00f3 th\u1ec3 x\u1ea3y ra nh\u1eefng sai s\u00f3t nh\u1ecf.\n  <\/p>\n  <p>\n    Ch\u00fang t\u00f4i mong mu\u1ed1n m\u1ecdi kh\u00e1ch h\u00e0ng \u0111\u1ec1u y\u00eau th\u00edch s\u1ea3n ph\u1ea9m t\u1eeb Allasiaconnect.com v\u00e0 c\u00f3 tr\u1ea3i nghi\u1ec7m mua s\u1eafm t\u1ed1t nh\u1ea5t. N\u1ebfu b\u1ea1n nh\u1eadn \u0111\u01b0\u1ee3c s\u1ea3n ph\u1ea9m v\u00e0 c\u1ea3m th\u1ea5y n\u00f3 kh\u00f4ng \u0111\u00e1p \u1ee9ng \u0111\u01b0\u1ee3c k\u1ef3 v\u1ecdng c\u1ee7a b\u1ea1n ho\u1eb7c b\u1ea1n kh\u00f4ng h\u00e0i l\u00f2ng (ch\u1ec9 \u00e1p d\u1ee5ng khi s\u1ea3n ph\u1ea9m ch\u01b0a \u0111\u01b0\u1ee3c s\u1eed d\u1ee5ng, kh\u00f4ng b\u1ecb b\u1ea9n ho\u1eb7c tr\u1ea7y x\u01b0\u1edbc, bao g\u1ed3m h\u1ed9p \u0111\u1ef1ng \u0111\u1ea7y \u0111\u1ee7 v\u00e0 ph\u1ee5 ki\u1ec7n, b\u1ea5t k\u1ef3 qu\u00e0 t\u1eb7ng k\u00e8m theo n\u00e0o, v\u00e0 c\u00f2n trong\n    <strong>03 ng\u00e0y k\u1ec3 t\u1eeb ng\u00e0y giao h\u00e0ng<\/strong>), c\u00f4ng ty s\u1eb5n s\u00e0ng ho\u00e0n l\u1ea1i to\u00e0n b\u1ed9 s\u1ed1 ti\u1ec1n mua h\u00e0ng.\n  <\/p>\n\n  <h3 style=\"color:#000000;\">Quy tr\u00ecnh \u0111\u1ed5i tr\u1ea3 h\u00e0ng<\/h3>\n\n  <h4 style=\"color:#000000; margin-top:12px;\">Quy tr\u00ecnh ho\u00e0n tr\u1ea3<\/h4>\n  <p>\n    Ch\u00ednh s\u00e1ch \u0111\u1ed5i tr\u1ea3 v\u00e0 ho\u00e0n ti\u1ec1n c\u1ee7a Allasiaconnect.com c\u00f3 hi\u1ec7u l\u1ef1c cho <strong>03 ng\u00e0y<\/strong>.N\u1ebfu \u0111\u00e3 qua h\u01a1n 03 ng\u00e0y k\u1ec3 t\u1eeb ng\u00e0y mua h\u00e0ng, Allasiaconnect.com kh\u00f4ng th\u1ec3 ho\u00e0n ti\u1ec1n.\n  <\/p>\n\n  <h4 style=\"color:#000000; margin-top:12px;\">C\u00e1ch y\u00eau c\u1ea7u \u0111\u1ed5i tr\u1ea3 ho\u1eb7c \u0111\u1ed5i h\u00e0ng<\/h4>\n  <p>\n    \u0110\u1ec3 \u0111\u1ed5i ho\u1eb7c tr\u1ea3 l\u1ea1i s\u1ea3n ph\u1ea9m, kh\u00e1ch h\u00e0ng ph\u1ea3i th\u00f4ng b\u00e1o cho \u0111\u1ed9i ng\u0169 h\u1ed7 tr\u1ee3 c\u1ee7a Allasiaconnect.com b\u1eb1ng c\u00e1ch g\u1ecdi \u0111i\u1ec7n tho\u1ea1i. <strong>0902 971 279<\/strong>, cung c\u1ea5p:\n  <\/p>\n  <ul>\n    <li>L\u00fd do tr\u1ea3 l\u1ea1i\/\u0111\u1ed5i h\u00e0ng<\/li>\n    <li>\u0110\u1ecba ch\u1ec9 ch\u00ednh x\u00e1c<\/li>\n    <li>S\u1ed1 \u0111i\u1ec7n tho\u1ea1i li\u00ean h\u1ec7<\/li>\n  <\/ul>\n  <p>\n    \u0110i\u1ec1u n\u00e0y gi\u00fap ch\u00fang t\u00f4i x\u1eed l\u00fd y\u00eau c\u1ea7u c\u1ee7a b\u1ea1n m\u1ed9t c\u00e1ch nhanh ch\u00f3ng. Ch\u00fang t\u00f4i c\u00f3 th\u1ec3 y\u00eau c\u1ea7u b\u1eb1ng ch\u1ee9ng mua h\u00e0ng (h\u00ecnh \u1ea3nh ho\u1eb7c video quay l\u1ea1i qu\u00e1 tr\u00ecnh m\u1edf h\u1ed9p s\u1ea3n ph\u1ea9m) \u0111\u1ec3 x\u00e1c minh.\n  <\/p>\n  <p>\n    \u0110\u1ed1i v\u1edbi c\u00e1c y\u00eau c\u1ea7u h\u1ee3p l\u1ec7 (khi kh\u00e1ch h\u00e0ng cung c\u1ea5p \u0111\u1ee7 b\u1eb1ng ch\u1ee9ng mua h\u00e0ng t\u1eeb Allasiaconnect.com v\u00e0 b\u00e1o c\u00e1o trong th\u1eddi h\u1ea1n ch\u00ednh s\u00e1ch), ch\u00fang t\u00f4i s\u1ebd h\u1ed7 tr\u1ee3 vi\u1ec7c \u0111\u1ed5i s\u1ea3n ph\u1ea9m m\u1edbi.\n  <\/p>\n\n  <h3 style=\"color:#000000;\">Ch\u00ednh s\u00e1ch \u0111\u1ed5i tr\u1ea3<\/h3>\n  <p>\n    T\u1ea5t c\u1ea3 c\u00e1c chi ph\u00ed ph\u00e1t sinh trong qu\u00e1 tr\u00ecnh trao \u0111\u1ed5i s\u1ebd \u0111\u01b0\u1ee3c c\u00f4ng ty chi tr\u1ea3 to\u00e0n b\u1ed9.\n  <\/p>\n\n  <h3 style=\"color:#000000;\">L\u01b0u \u00fd quan tr\u1ecdng khi tr\u1ea3 l\u1ea1i h\u00e0ng<\/h3>\n\n  <h4 style=\"color:#000000; margin-top:12px;\">\u0110i\u1ec1u ki\u1ec7n \u0111\u1ed5i tr\u1ea3 s\u1ea3n ph\u1ea9m<\/h4>\n  <ul>\n    <li>\n      S\u1ea3n ph\u1ea9m kh\u00f4ng \u0111\u01b0\u1ee3c s\u1eed d\u1ee5ng v\u00e0 ph\u1ea3i \u0111\u01b0\u1ee3c gi\u1eef nguy\u00ean v\u1eb9n v\u1edbi nh\u00e3n m\u00e1c, linh ki\u1ec7n v\u00e0 th\u00f4ng s\u1ed1 k\u1ef9 thu\u1eadt g\u1ed1c (tr\u1eeb tr\u01b0\u1eddng h\u1ee3p s\u1ea3n ph\u1ea9m b\u1ecb h\u01b0 h\u1ecfng ho\u1eb7c h\u1ecfng h\u00f3c trong qu\u00e1 tr\u00ecnh v\u1eadn chuy\u1ec3n).\n    <\/li>\n    <li>\n      Kh\u00e1ch h\u00e0ng v\u1eabn ph\u1ea3i c\u00f3 ch\u1ee9ng t\u1eeb mua h\u00e0ng t\u1eeb Allasiaconnect.com.\n    <\/li>\n    <li>\n      S\u1ea3n ph\u1ea9m ph\u1ea3i bao g\u1ed3m t\u1ea5t c\u1ea3 c\u00e1c ph\u1ee5 ki\u1ec7n, ch\u1eb3ng h\u1ea1n nh\u01b0 h\u1ed9p b\u1ea3o v\u1ec7, t\u00fai \u0111\u1ef1ng, nh\u00e3n hi\u1ec7u, v.v., v\u00e0 b\u1ea5t k\u1ef3 qu\u00e0 t\u1eb7ng k\u00e8m theo (n\u1ebfu c\u00f3).\n    <\/li>\n  <\/ul>\n\n  <p><strong>Ghi ch\u00fa:<\/strong><\/p>\n  <ul>\n    <li>\n      \u0110\u1ec3 tr\u1ea3 l\u1ea1i s\u1ea3n ph\u1ea9m, kh\u00e1ch h\u00e0ng vui l\u00f2ng g\u1eedi l\u1ea1i s\u1ea3n ph\u1ea9m \u0111\u1ea7y \u0111\u1ee7 k\u00e8m theo t\u1ea5t c\u1ea3 ph\u1ee5 ki\u1ec7n v\u00e0 qu\u00e0 t\u1eb7ng \u0111\u00fang nh\u01b0 khi nh\u1eadn \u0111\u01b0\u1ee3c.\n    <\/li>\n    <li>\n      Th\u1eddi gian x\u1eed l\u00fd \u0111\u1ed5i tr\u1ea3 c\u00f3 th\u1ec3 kh\u00e1c nhau t\u00f9y theo \u0111\u1ecba \u0111i\u1ec3m.\n    <\/li>\n  <\/ul>\n\n  <h3 style=\"color:#000000;\">Ch\u00ednh s\u00e1ch ho\u00e0n ti\u1ec1n<\/h3>\n  <p>\n    N\u1ebfu kh\u00e1ch h\u00e0ng y\u00eau c\u1ea7u ho\u00e0n ti\u1ec1n, Allasiaconnect.com s\u1ebd x\u1eed l\u00fd y\u00eau c\u1ea7u trong v\u00f2ng\n    <strong>48 gi\u1edd l\u00e0m vi\u1ec7c<\/strong> T\u1eeb th\u1eddi \u0111i\u1ec3m ch\u00fang t\u00f4i nh\u1eadn \u0111\u01b0\u1ee3c s\u1ea3n ph\u1ea9m \u0111\u01b0\u1ee3c tr\u1ea3 l\u1ea1i h\u1ee3p l\u1ec7. Ho\u00e0n ti\u1ec1n \u0111\u01b0\u1ee3c th\u1ef1c hi\u1ec7n qua <strong>Chuy\u1ec3n kho\u1ea3n ng\u00e2n h\u00e0ng<\/strong>.\n  <\/p>\n  <p>\n    Sau khi nh\u1eadn v\u00e0 ki\u1ec3m tra h\u00e0ng tr\u1ea3 l\u1ea1i, Allasiaconnect.com s\u1ebd g\u1eedi th\u00f4ng b\u00e1o qua tin nh\u1eafn SMS ho\u1eb7c email x\u00e1c nh\u1eadn vi\u1ec7c nh\u1eadn h\u00e0ng tr\u1ea3 l\u1ea1i v\u00e0 th\u00f4ng b\u00e1o li\u1ec7u y\u00eau c\u1ea7u ho\u00e0n ti\u1ec1n c\u00f3 \u0111\u01b0\u1ee3c ch\u1ea5p thu\u1eadn hay t\u1eeb ch\u1ed1i.\n  <\/p>\n  <p>\n    N\u1ebfu y\u00eau c\u1ea7u ho\u00e0n ti\u1ec1n \u0111\u01b0\u1ee3c ch\u1ea5p thu\u1eadn, s\u1ed1 ti\u1ec1n ho\u00e0n l\u1ea1i s\u1ebd \u0111\u01b0\u1ee3c chuy\u1ec3n v\u00e0o t\u00e0i kho\u1ea3n ng\u00e2n h\u00e0ng c\u1ee7a kh\u00e1ch h\u00e0ng trong v\u00f2ng <strong>3\u20137 ng\u00e0y l\u00e0m vi\u1ec7c<\/strong>.\n  <\/p>\n\n  <h4 style=\"color:#000000; margin-top:12px;\">Ho\u00e0n ti\u1ec1n ch\u1eadm tr\u1ec5 ho\u1eb7c kh\u00f4ng nh\u1eadn \u0111\u01b0\u1ee3c<\/h4>\n  <p>\n    N\u1ebfu kh\u00e1ch h\u00e0ng ch\u01b0a nh\u1eadn \u0111\u01b0\u1ee3c kho\u1ea3n ho\u00e0n ti\u1ec1n:\n  <\/p>\n  <ol>\n    <li>Tr\u01b0\u1edbc ti\u00ean, vui l\u00f2ng ki\u1ec3m tra l\u1ea1i t\u00e0i kho\u1ea3n ng\u00e2n h\u00e0ng c\u1ee7a b\u1ea1n.<\/li>\n    <li>\n      N\u1ebfu kho\u1ea3n ho\u00e0n ti\u1ec1n v\u1eabn ch\u01b0a \u0111\u01b0\u1ee3c nh\u1eadn, vui l\u00f2ng li\u00ean h\u1ec7 tr\u1ef1c ti\u1ebfp v\u1edbi Allasiaconnect.com t\u1ea1i\n      <strong>cass@allasiaconnect.com<\/strong> \u0110\u1ec3 \u0111\u01b0\u1ee3c h\u1ed7 tr\u1ee3 ngay l\u1eadp t\u1ee9c.\n    <\/li>\n  <\/ol>\n\n<\/div>\n\t\t\t\t\t\t\t\t<\/div>\n\t\t\t\t\t<\/div>\n\t\t\t\t<\/div>\n\t\t\t\t<\/div>","protected":false},"excerpt":{"rendered":"<p>Return \/ Refund Policy Overview At Allasiaconnect.com, the customer experience is our top priority. All products undergo a quality inspection before packaging to ensure 100% satisfaction for our customers. However, we understand that occasional oversights may occur. We want every customer to love products from Allasiaconnect.com and enjoy the best shopping experience. If you receive [&hellip;]<\/p>\n","protected":false},"author":13,"featured_media":0,"parent":0,"menu_order":0,"comment_status":"closed","ping_status":"closed","template":"","meta":{"_acf_changed":false,"footnotes":""},"class_list":["post-4331","page","type-page","status-publish","hentry"],"acf":[],"_links":{"self":[{"href":"https:\/\/allasiaconnect.com\/vi\/wp-json\/wp\/v2\/pages\/4331","targetHints":{"allow":["GET"]}}],"collection":[{"href":"https:\/\/allasiaconnect.com\/vi\/wp-json\/wp\/v2\/pages"}],"about":[{"href":"https:\/\/allasiaconnect.com\/vi\/wp-json\/wp\/v2\/types\/page"}],"author":[{"embeddable":true,"href":"https:\/\/allasiaconnect.com\/vi\/wp-json\/wp\/v2\/users\/13"}],"replies":[{"embeddable":true,"href":"https:\/\/allasiaconnect.com\/vi\/wp-json\/wp\/v2\/comments?post=4331"}],"version-history":[{"count":0,"href":"https:\/\/allasiaconnect.com\/vi\/wp-json\/wp\/v2\/pages\/4331\/revisions"}],"wp:attachment":[{"href":"https:\/\/allasiaconnect.com\/vi\/wp-json\/wp\/v2\/media?parent=4331"}],"curies":[{"name":"wp","href":"https:\/\/api.w.org\/{rel}","templated":true}]}}