{"id":4321,"date":"2025-11-24T06:34:13","date_gmt":"2025-11-24T06:34:13","guid":{"rendered":"https:\/\/allasiaconnect.com\/?page_id=4321"},"modified":"2025-11-24T19:03:55","modified_gmt":"2025-11-24T19:03:55","slug":"chinh-sach-bao-mat","status":"publish","type":"page","link":"https:\/\/allasiaconnect.com\/vi\/chinh-sach-bao-mat\/","title":{"rendered":"Ch\u00ednh s\u00e1ch b\u1ea3o m\u1eadt"},"content":{"rendered":"<div data-elementor-type=\"wp-page\" data-elementor-id=\"4321\" class=\"elementor elementor-4321\" data-elementor-post-type=\"page\">\n\t\t\t\t<div class=\"elementor-element elementor-element-59a9610 e-flex e-con-boxed e-con e-parent\" data-id=\"59a9610\" data-element_type=\"container\" data-e-type=\"container\" data-settings=\"{&quot;jet_parallax_layout_list&quot;:[]}\">\n\t\t\t\t\t<div class=\"e-con-inner\">\n\t\t\t\t<div class=\"elementor-element elementor-element-51f089f elementor-widget elementor-widget-heading\" data-id=\"51f089f\" data-element_type=\"widget\" data-e-type=\"widget\" data-widget_type=\"heading.default\">\n\t\t\t\t\t<h2 class=\"elementor-heading-title elementor-size-default\">Ch\u00ednh s\u00e1ch b\u1ea3o m\u1eadt<\/h2>\t\t\t\t<\/div>\n\t\t\t\t\t<\/div>\n\t\t\t\t<\/div>\n\t\t<div class=\"elementor-element elementor-element-81431dc e-flex e-con-boxed e-con e-parent\" data-id=\"81431dc\" data-element_type=\"container\" data-e-type=\"container\" data-settings=\"{&quot;jet_parallax_layout_list&quot;:[]}\">\n\t\t\t\t\t<div class=\"e-con-inner\">\n\t\t\t\t<div class=\"elementor-element elementor-element-494ce47 elementor-widget elementor-widget-text-editor\" data-id=\"494ce47\" data-element_type=\"widget\" data-e-type=\"widget\" data-widget_type=\"text-editor.default\">\n\t\t\t\t\t\t\t\t\t\n\n  <p>\n    Ng\u00e0y nay, v\u1ea5n \u0111\u1ec1 b\u1ea3o m\u1eadt th\u00f4ng tin giao d\u1ecbch, th\u00f4ng tin c\u00e1 nh\u00e2n v\u00e0 th\u00f4ng tin kinh doanh b\u00ed m\u1eadt l\u00e0 m\u1ed9t v\u1ea5n \u0111\u1ec1 nh\u1ea1y c\u1ea3m cao trong x\u00e3 h\u1ed9i. T\u1ea1i Allasiaconnect.com, ch\u00fang t\u00f4i coi tr\u1ecdng th\u00f4ng tin m\u00e0 kh\u00e1ch h\u00e0ng tin t\u01b0\u1edfng giao ph\u00f3 cho ch\u00fang t\u00f4i v\u00e0 tu\u00e2n th\u1ee7 nghi\u00eam ng\u1eb7t c\u00e1c nguy\u00ean t\u1eafc b\u1ea3o m\u1eadt \u2014 xem ch\u00fang l\u00e0 y\u1ebfu t\u1ed1 quan tr\u1ecdng \u0111\u1ed1i v\u1edbi ho\u1ea1t \u0111\u1ed9ng kinh doanh c\u1ee7a ch\u00fang t\u00f4i.\n  <\/p>\n  <p>\n    Ch\u00fang t\u00f4i cung c\u1ea5p th\u00f4ng tin minh b\u1ea1ch \u0111\u1ec3 \u0111\u1ea3m b\u1ea3o r\u1eb1ng kh\u00e1ch h\u00e0ng ho\u00e0n to\u00e0n hi\u1ec3u r\u00f5 r\u1eb1ng ch\u00fang t\u00f4i t\u00f4n tr\u1ecdng quy\u1ec1n ri\u00eang t\u01b0 c\u1ee7a h\u1ecd v\u00e0 b\u1ea3o v\u1ec7 th\u00f4ng tin c\u00e1 nh\u00e2n nh\u1ea1y c\u1ea3m \u0111\u01b0\u1ee3c g\u1eedi \u0111\u1ebfn Allasiaconnect.com. Tr\u01b0\u1edbc khi truy c\u1eadp v\u00e0 g\u1eedi d\u1eef li\u1ec7u c\u00e1 nh\u00e2n, kh\u00e1ch h\u00e0ng \u0111\u01b0\u1ee3c khuy\u1ebfn ngh\u1ecb \u0111\u1ecdc Ch\u00ednh s\u00e1ch B\u1ea3o m\u1eadt n\u00e0y \u0111\u1ec3 tr\u00e1nh c\u00e1c v\u1ea5n \u0111\u1ec1 kh\u00f4ng mong mu\u1ed1n sau n\u00e0y.\n  <\/p>\n\n  <h3 style=\"color:#000000;\">1. Ng\u01b0\u1eddi thu th\u1eadp v\u00e0 qu\u1ea3n l\u00fd th\u00f4ng tin<\/h3>\n  <ul>\n    <li><strong>C\u00f4ng ty:<\/strong> C\u00f4ng ty TNHH All Asia Connect<\/li>\n    <li><strong>\u0110\u1ecba ch\u1ec9:<\/strong> T\u1ea7ng 6, T\u00f2a nh\u00e0 Me Linh Point, S\u1ed1 2 \u0110\u01b0\u1eddng Ng\u00f4 \u0110\u1ee9c K\u1ebf, Ph\u01b0\u1eddng S\u00e0i G\u00f2n, Th\u00e0nh ph\u1ed1 H\u1ed3 Ch\u00ed Minh<\/li>\n    <li><strong>\u0110\u01b0\u1eddng d\u00e2y n\u00f3ng:<\/strong> 0902 971 279<\/li>\n  <\/ul>\n\n  <h3 style=\"color:#000000;\">2. M\u1ee5c \u0111\u00edch v\u00e0 Ph\u1ea1m vi thu th\u1eadp th\u00f4ng tin<\/h3>\n\n  <h4 style=\"color:#000000;\">2.1. M\u1ee5c \u0111\u00edch thu th\u1eadp th\u00f4ng tin<\/h4>\n  <p>Trang web Allasiaconnect.com thu th\u1eadp th\u00f4ng tin kh\u00e1ch h\u00e0ng nh\u1eb1m m\u1ee5c \u0111\u00edch:<\/p>\n  <ul>\n    <li>Cung c\u1ea5p s\u1ea3n ph\u1ea9m theo nhu c\u1ea7u c\u1ee7a kh\u00e1ch h\u00e0ng.<\/li>\n    <li>X\u00e1c nh\u1eadn c\u00e1c giao d\u1ecbch \u0111\u01b0\u1ee3c th\u1ef1c hi\u1ec7n tr\u00ean trang web.<\/li>\n    <li>Giao ti\u1ebfp v\u00e0 gi\u1ea3i quy\u1ebft c\u00e1c v\u1ea5n \u0111\u1ec1 c\u1ee7a kh\u00e1ch h\u00e0ng trong c\u00e1c tr\u01b0\u1eddng h\u1ee3p \u0111\u1eb7c bi\u1ec7t.<\/li>\n    <li>Qu\u1ea3n l\u00fd trang web, g\u1eedi c\u00e1c b\u1ea3n c\u1eadp nh\u1eadt, ch\u01b0\u01a1ng tr\u00ecnh khuy\u1ebfn m\u00e3i v\u00e0 ch\u01b0\u01a1ng tr\u00ecnh tri \u00e2n kh\u00e1ch h\u00e0ng.<\/li>\n    <li>Ng\u0103n ch\u1eb7n gian l\u1eadn ho\u1eb7c l\u1ea1m d\u1ee5ng t\u00e0i kho\u1ea3n<\/li>\n    <li>Ph\u00e2n t\u00edch d\u1eef li\u1ec7u \u0111\u1ec3 x\u00e2y d\u1ef1ng c\u00e1c ch\u00ednh s\u00e1ch b\u00e1n h\u00e0ng v\u00e0 d\u1ecbch v\u1ee5 ph\u00f9 h\u1ee3p.<\/li>\n    <li>Nh\u1eadn ph\u1ea3n h\u1ed3i, \u0111\u1ec1 xu\u1ea5t v\u00e0 khi\u1ebfu n\u1ea1i \u0111\u1ec3 c\u1ea3i thi\u1ec7n d\u1ecbch v\u1ee5.<\/li>\n    <li>Ch\u1ec9 s\u1eed d\u1ee5ng th\u00f4ng tin c\u00e1 nh\u00e2n cho c\u00e1c m\u1ee5c \u0111\u00edch li\u00ean quan \u0111\u1ebfn giao d\u1ecbch.<\/li>\n    <li>\n      Cung c\u1ea5p th\u00f4ng tin kh\u00e1ch h\u00e0ng cho c\u00e1c c\u01a1 quan t\u01b0 ph\u00e1p khi \u0111\u01b0\u1ee3c y\u00eau c\u1ea7u theo quy \u0111\u1ecbnh c\u1ee7a ph\u00e1p lu\u1eadt (Vi\u1ec7n Ki\u1ec3m s\u00e1t, T\u00f2a \u00e1n, C\u1ea3nh s\u00e1t). Kh\u00f4ng c\u00f3 b\u00ean th\u1ee9 ba n\u00e0o c\u00f3 quy\u1ec1n truy c\u1eadp v\u00e0o d\u1eef li\u1ec7u kh\u00e1ch h\u00e0ng.\n    <\/li>\n  <\/ul>\n\n  <h4 style=\"color:#000000;\">2.2. Ph\u1ea1m vi thu th\u1eadp th\u00f4ng tin<\/h4>\n  <p>Th\u00f4ng tin c\u00e1 nh\u00e2n \u0111\u01b0\u1ee3c thu th\u1eadp c\u00f3 th\u1ec3 bao g\u1ed3m (nh\u01b0ng kh\u00f4ng gi\u1edbi h\u1ea1n \u1edf):<\/p>\n  <ul>\n    <li>H\u1ecd v\u00e0 t\u00ean \u0111\u1ea7y \u0111\u1ee7<\/li>\n    <li>\u0110\u1ecba ch\u1ec9<\/li>\n    <li>S\u1ed1 \u0111i\u1ec7n tho\u1ea1i<\/li>\n    <li>\u0110\u1ecba ch\u1ec9 email<\/li>\n    <li>N\u1ed9i dung c\u1ee7a y\u00eau c\u1ea7u (n\u1ebfu c\u00f3)<\/li>\n  <\/ul>\n\n  <h4 style=\"color:#000000;\">2.3. Ph\u1ea1m vi s\u1eed d\u1ee5ng th\u00f4ng tin<\/h4>\n  <ul>\n    <li>Giao h\u00e0ng c\u00e1c s\u1ea3n ph\u1ea9m \u0111\u00e3 mua tr\u00ean https:\/\/allasiaconnect.com\/<\/li>\n    <li>Th\u00f4ng b\u00e1o v\u1ec1 vi\u1ec7c giao h\u00e0ng v\u00e0 cung c\u1ea5p h\u1ed7 tr\u1ee3 kh\u00e1ch h\u00e0ng trong qu\u00e1 tr\u00ecnh s\u1eed d\u1ee5ng.<\/li>\n    <li>X\u1eed l\u00fd \u0111\u01a1n h\u00e0ng v\u00e0 cung c\u1ea5p d\u1ecbch v\u1ee5 qua trang web.<\/li>\n  <\/ul>\n  <p>\n    Th\u00f4ng tin li\u00ean quan \u0111\u1ebfn giao d\u1ecbch (l\u1ecbch s\u1eed mua h\u00e0ng, gi\u00e1 tr\u1ecb, ph\u01b0\u01a1ng th\u1ee9c thanh to\u00e1n) c\u00f3 th\u1ec3 \u0111\u01b0\u1ee3c l\u01b0u tr\u1eef \u0111\u1ec3 gi\u1ea3i quy\u1ebft c\u00e1c v\u1ea5n \u0111\u1ec1 trong t\u01b0\u01a1ng lai.\n  <\/p>\n\n  <h3 style=\"color:#000000;\">3. Th\u1eddi gian l\u01b0u tr\u1eef th\u00f4ng tin<\/h3>\n  <p>\n    Th\u00f4ng tin \u0111\u01b0\u1ee3c l\u01b0u tr\u1eef tr\u00ean c\u00e1c h\u1ec7 th\u1ed1ng n\u1ed9i b\u1ed9 trong su\u1ed1t th\u1eddi gian cung c\u1ea5p s\u1ea3n ph\u1ea9m\/d\u1ecbch v\u1ee5, cho \u0111\u1ebfn khi m\u1ee5c \u0111\u00edch thu th\u1eadp th\u00f4ng tin \u0111\u01b0\u1ee3c ho\u00e0n th\u00e0nh, ho\u1eb7c cho \u0111\u1ebfn khi kh\u00e1ch h\u00e0ng y\u00eau c\u1ea7u x\u00f3a b\u1ecf.\n  <\/p>\n\n  <h3 style=\"color:#000000;\">4. Cam k\u1ebft b\u1ea3o v\u1ec7 th\u00f4ng tin kh\u00e1ch h\u00e0ng<\/h3>\n  <p>\n    Allasiaconnect.com cam k\u1ebft b\u1ea3o m\u1eadt tuy\u1ec7t \u0111\u1ed1i th\u00f4ng tin kh\u00e1ch h\u00e0ng. Ch\u00fang t\u00f4i kh\u00f4ng mua b\u00e1n ho\u1eb7c trao \u0111\u1ed5i th\u00f4ng tin c\u00e1 nh\u00e2n v\u00ec m\u1ee5c \u0111\u00edch th\u01b0\u01a1ng m\u1ea1i.\n  <\/p>\n  <p>\n    Th\u00f4ng tin ch\u1ec9 \u0111\u01b0\u1ee3c chia s\u1ebb v\u1edbi b\u00ean th\u1ee9 ba khi:\n  <\/p>\n  <ul>\n    <li>Kh\u00e1ch h\u00e0ng \u0111\u00e3 \u0111\u1ed3ng \u00fd.<\/li>\n    <li>Vi\u1ec7c chia s\u1ebb l\u00e0 c\u1ea7n thi\u1ebft \u0111\u1ec3 cung c\u1ea5p d\u1ecbch v\u1ee5 (v\u00ed d\u1ee5: \u0111\u1ed1i t\u00e1c v\u1eadn chuy\u1ec3n).<\/li>\n    <li>Y\u00eau c\u1ea7u c\u1ee7a c\u01a1 quan ch\u1ee9c n\u0103ng<\/li>\n  <\/ul>\n\n  <h3 style=\"color:#000000;\">5. C\u00e1c b\u00ean c\u00f3 th\u1ec3 truy c\u1eadp th\u00f4ng tin c\u00e1 nh\u00e2n<\/h3>\n  <ul>\n    <li>\n      \u0110\u1ed1i t\u00e1c d\u1ecbch v\u1ee5 h\u1ee3p \u0111\u1ed3ng (h\u1ed7 tr\u1ee3 k\u1ef9 thu\u1eadt, nh\u00e0 cung c\u1ea5p d\u1ecbch v\u1ee5 thanh to\u00e1n) \u2014 ch\u1ec9 nh\u1eadn th\u00f4ng tin li\u00ean quan theo th\u1ecfa thu\u1eadn \u0111\u1ec3 h\u1ed7 tr\u1ee3 vi\u1ec7c cung c\u1ea5p d\u1ecbch v\u1ee5.\n    <\/li>\n    <li>C\u00e1c c\u01a1 quan nh\u00e0 n\u01b0\u1edbc khi \u0111\u01b0\u1ee3c y\u00eau c\u1ea7u h\u1ee3p ph\u00e1p trong qu\u00e1 tr\u00ecnh \u0111i\u1ec1u tra.<\/li>\n  <\/ul>\n\n  <h3 style=\"color:#000000;\">6. C\u00e1c ph\u01b0\u01a1ng th\u1ee9c cho kh\u00e1ch h\u00e0ng ch\u1ec9nh s\u1eeda th\u00f4ng tin c\u1ee7a m\u00ecnh<\/h3>\n  <p>\n    Kh\u00e1ch h\u00e0ng c\u00f3 th\u1ec3 y\u00eau c\u1ea7u c\u1eadp nh\u1eadt ho\u1eb7c ch\u1ec9nh s\u1eeda th\u00f4ng tin c\u1ee7a m\u00ecnh b\u1eb1ng c\u00e1ch li\u00ean h\u1ec7:\n  <\/p>\n  <p>\n    <strong>Email:<\/strong> cass@allasiaconnect.com<br>\n    <strong>\u0110i\u1ec7n tho\u1ea1i:<\/strong> 0902 971 279\n  <\/p>\n\n  <h3 style=\"color:#000000;\">7. Quy\u1ec1n l\u1ee3i c\u1ee7a kh\u00e1ch h\u00e0ng<\/h3>\n  <ul>\n    <li>Tra c\u1ee9u, ch\u1ec9nh s\u1eeda ho\u1eb7c x\u00f3a th\u00f4ng tin c\u00e1 nh\u00e2n<\/li>\n    <li>T\u1eeb ch\u1ed1i c\u00e1c th\u00f4ng \u0111i\u1ec7p ti\u1ebfp th\u1ecb<\/li>\n    <li>G\u1eedi khi\u1ebfu n\u1ea1i v\u1ec1 vi ph\u1ea1m quy\u1ec1n ri\u00eang t\u01b0<\/li>\n  <\/ul>\n\n  <h3 style=\"color:#000000;\">8. Thay \u0111\u1ed5i trong Ch\u00ednh s\u00e1ch B\u1ea3o m\u1eadt<\/h3>\n  <p>\n    Allasiaconnect.com c\u00f3 th\u1ec3 c\u1eadp nh\u1eadt ch\u00ednh s\u00e1ch n\u00e0y khi c\u1ea7n thi\u1ebft. T\u1ea5t c\u1ea3 c\u00e1c b\u1ea3n c\u1eadp nh\u1eadt s\u1ebd \u0111\u01b0\u1ee3c th\u00f4ng b\u00e1o tr\u00ean trang web. Kh\u00e1ch h\u00e0ng \u0111\u01b0\u1ee3c khuy\u1ebfn kh\u00edch ki\u1ec3m tra \u0111\u1ecbnh k\u1ef3 \u0111\u1ec3 c\u1eadp nh\u1eadt c\u00e1c thay \u0111\u1ed5i.\n  <\/p>\n\n  <h3 style=\"color:#000000;\">9. C\u01a1 ch\u1ebf gi\u1ea3i quy\u1ebft khi\u1ebfu n\u1ea1i<\/h3>\n  <p>\n    N\u1ebfu kh\u00e1ch h\u00e0ng ph\u00e1t hi\u1ec7n th\u00f4ng tin c\u00e1 nh\u00e2n c\u1ee7a m\u00ecnh b\u1ecb l\u1ea1m d\u1ee5ng ho\u1eb7c s\u1eed d\u1ee5ng ngo\u00e0i ph\u1ea1m vi \u0111\u00e3 n\u00eau, h\u1ecd c\u00f3 th\u1ec3 li\u00ean h\u1ec7:\n  <\/p>\n  <ul>\n    <li><strong>\u0110i\u1ec7n tho\u1ea1i:<\/strong> 0902 971 279<\/li>\n    <li><strong>\u0110\u1ecba ch\u1ec9:<\/strong> T\u1ea7ng 6, T\u00f2a nh\u00e0 Me Linh Point, S\u1ed1 2 \u0110\u01b0\u1eddng Ng\u00f4 \u0110\u1ee9c K\u1ebf, Ph\u01b0\u1eddng S\u00e0i G\u00f2n, Th\u00e0nh ph\u1ed1 H\u1ed3 Ch\u00ed Minh<\/li>\n  <\/ul>\n  <p>\n    Allasiaconnect.com s\u1ebd x\u1eed l\u00fd khi\u1ebfu n\u1ea1i trong v\u00f2ng <strong>03 ng\u00e0y l\u00e0m vi\u1ec7c<\/strong> V\u1ec1 vi\u1ec7c nh\u1eadn \u0111\u01b0\u1ee3c. Ch\u00fang t\u00f4i \u01b0u ti\u00ean \u0111\u00e0m ph\u00e1n v\u00e0 h\u00f2a gi\u1ea3i \u0111\u1ec3 \u0111\u1ea1t \u0111\u01b0\u1ee3c m\u1ed9t gi\u1ea3i ph\u00e1p \u0111\u01b0\u1ee3c c\u1ea3 hai b\u00ean \u0111\u1ed3ng \u00fd. N\u1ebfu kh\u00f4ng gi\u1ea3i quy\u1ebft \u0111\u01b0\u1ee3c, b\u1ea5t k\u1ef3 b\u00ean n\u00e0o c\u0169ng c\u00f3 th\u1ec3 \u0111\u01b0a v\u1ee5 vi\u1ec7c ra T\u00f2a \u00e1n Nh\u00e2n d\u00e2n c\u00f3 th\u1ea9m quy\u1ec1n.\n  <\/p>\n\n  <p>\n    \u0110\u1ed1i v\u1edbi b\u1ea5t k\u1ef3 c\u00e2u h\u1ecfi ho\u1eb7c ph\u1ea3n h\u1ed3i n\u00e0o li\u00ean quan \u0111\u1ebfn Ch\u00ednh s\u00e1ch B\u1ea3o m\u1eadt n\u00e0y, vui l\u00f2ng li\u00ean h\u1ec7 v\u1edbi ch\u00fang t\u00f4i qua\n    <strong>0902 971 279<\/strong> ho\u1eb7c <strong>cass@allasiaconnect.com<\/strong>.\n  <\/p>\n\n<\/div>\n\t\t\t\t\t\t\t\t<\/div>\n\t\t\t\t\t<\/div>\n\t\t\t\t<\/div>\n\t\t\t\t<\/div>","protected":false},"excerpt":{"rendered":"<p>Privacy Policy Today, the security of transaction information, personal information, and confidential business information is a highly sensitive issue in society. At Allasiaconnect.com, we value the information entrusted to us by customers and strictly follow privacy principles \u2014 considering them vital to our business. We provide transparent information to ensure that customers fully understand that [&hellip;]<\/p>\n","protected":false},"author":13,"featured_media":0,"parent":0,"menu_order":0,"comment_status":"closed","ping_status":"closed","template":"","meta":{"_acf_changed":false,"footnotes":""},"class_list":["post-4321","page","type-page","status-publish","hentry"],"acf":[],"_links":{"self":[{"href":"https:\/\/allasiaconnect.com\/vi\/wp-json\/wp\/v2\/pages\/4321","targetHints":{"allow":["GET"]}}],"collection":[{"href":"https:\/\/allasiaconnect.com\/vi\/wp-json\/wp\/v2\/pages"}],"about":[{"href":"https:\/\/allasiaconnect.com\/vi\/wp-json\/wp\/v2\/types\/page"}],"author":[{"embeddable":true,"href":"https:\/\/allasiaconnect.com\/vi\/wp-json\/wp\/v2\/users\/13"}],"replies":[{"embeddable":true,"href":"https:\/\/allasiaconnect.com\/vi\/wp-json\/wp\/v2\/comments?post=4321"}],"version-history":[{"count":0,"href":"https:\/\/allasiaconnect.com\/vi\/wp-json\/wp\/v2\/pages\/4321\/revisions"}],"wp:attachment":[{"href":"https:\/\/allasiaconnect.com\/vi\/wp-json\/wp\/v2\/media?parent=4321"}],"curies":[{"name":"wp","href":"https:\/\/api.w.org\/{rel}","templated":true}]}}