{"id":4316,"date":"2025-11-24T06:31:13","date_gmt":"2025-11-24T06:31:13","guid":{"rendered":"https:\/\/allasiaconnect.com\/?page_id=4316"},"modified":"2025-11-24T19:10:26","modified_gmt":"2025-11-24T19:10:26","slug":"chinh-sach-thanh-toan","status":"publish","type":"page","link":"https:\/\/allasiaconnect.com\/vi\/chinh-sach-thanh-toan\/","title":{"rendered":"Ch\u00ednh s\u00e1ch thanh to\u00e1n"},"content":{"rendered":"<div data-elementor-type=\"wp-page\" data-elementor-id=\"4316\" class=\"elementor elementor-4316\" data-elementor-post-type=\"page\">\n\t\t\t\t<div class=\"elementor-element elementor-element-15a55db e-flex e-con-boxed e-con e-parent\" data-id=\"15a55db\" data-element_type=\"container\" data-e-type=\"container\" data-settings=\"{&quot;jet_parallax_layout_list&quot;:[]}\">\n\t\t\t\t\t<div class=\"e-con-inner\">\n\t\t\t\t<div class=\"elementor-element elementor-element-41c1e87 elementor-widget elementor-widget-heading\" data-id=\"41c1e87\" data-element_type=\"widget\" data-e-type=\"widget\" data-widget_type=\"heading.default\">\n\t\t\t\t\t<h2 class=\"elementor-heading-title elementor-size-default\">Ch\u00ednh s\u00e1ch thanh to\u00e1n<\/h2>\t\t\t\t<\/div>\n\t\t\t\t\t<\/div>\n\t\t\t\t<\/div>\n\t\t<div class=\"elementor-element elementor-element-9401578 e-flex e-con-boxed e-con e-parent\" data-id=\"9401578\" data-element_type=\"container\" data-e-type=\"container\" data-settings=\"{&quot;jet_parallax_layout_list&quot;:[]}\">\n\t\t\t\t\t<div class=\"e-con-inner\">\n\t\t\t\t<div class=\"elementor-element elementor-element-3e844bb elementor-widget elementor-widget-text-editor\" data-id=\"3e844bb\" data-element_type=\"widget\" data-e-type=\"widget\" data-widget_type=\"text-editor.default\">\n\t\t\t\t\t\t\t\t\t<p>\n    Allasiaconnect.com cam k\u1ebft mang \u0111\u1ebfn cho kh\u00e1ch h\u00e0ng tr\u1ea3i nghi\u1ec7m mua s\u1eafm ti\u1ec7n l\u1ee3i v\u00e0 linh ho\u1ea1t. Hi\u1ec7n t\u1ea1i, Allasiaconnect.com ch\u1ea5p nh\u1eadn c\u00e1c ph\u01b0\u01a1ng th\u1ee9c thanh to\u00e1n sau:\n  <\/p>\n\n  <h3 style=\"color:#000000;\">1. Thanh to\u00e1n khi nh\u1eadn h\u00e0ng (COD)<\/h3>\n  <p>\n    COD (Thanh to\u00e1n khi nh\u1eadn h\u00e0ng): Nh\u00e2n vi\u00ean giao h\u00e0ng thu ti\u1ec1n m\u1eb7t tr\u1ef1c ti\u1ebfp t\u1eeb kh\u00e1ch h\u00e0ng khi giao h\u00e0ng.\n  <\/p>\n\n  <h3 style=\"color:#000000;\">2. Chuy\u1ec3n kho\u1ea3n ng\u00e2n h\u00e0ng \u0111\u1ebfn ALL ASIA CONNECT<\/h3>\n  <p>Kh\u00e1ch h\u00e0ng c\u00f3 th\u1ec3 th\u1ef1c hi\u1ec7n chuy\u1ec3n kho\u1ea3n ng\u00e2n h\u00e0ng tr\u1ef1c ti\u1ebfp b\u1eb1ng c\u00e1ch s\u1eed d\u1ee5ng th\u00f4ng tin sau:<\/p>\n  <pre style=\"background:#f7f7f7; padding:12px; border-radius:4px; white-space:pre-wrap; font-size:15px;\">\nT\u00ean t\u00e0i kho\u1ea3n: C\u00f4ng ty TNHH ALL ASIA CONNECT S\u1ed1 t\u00e0i kho\u1ea3n: 56565555 (VND) Ng\u00e2n h\u00e0ng: Ng\u00e2n h\u00e0ng Th\u01b0\u01a1ng m\u1ea1i C\u1ed5 ph\u1ea7n C\u00f4ng ngh\u1ec7 v\u00e0 Th\u01b0\u01a1ng m\u1ea1i Vi\u1ec7t Nam (TECHCOMBANK) \u2013 Chi nh\u00e1nh Gia \u0110\u1ecbnh\n  <\/pre>\n\n  <h3 style=\"color:#000000;\">3. Thanh to\u00e1n tr\u1ef1c tuy\u1ebfn qua v\u00ed \u0111i\u1ec7n t\u1eed v\u00e0 c\u1ed5ng thanh to\u00e1n<\/h3>\n  <ul>\n    <li>Thanh to\u00e1n qua v\u00ed \u0111i\u1ec7n t\u1eed Momo<\/li>\n    <li>Thanh to\u00e1n tr\u1ef1c tuy\u1ebfn qua \u1ee9ng d\u1ee5ng ZaloPay b\u1eb1ng m\u00e3 QR.<\/li>\n    <li>Thanh to\u00e1n tr\u1ef1c tuy\u1ebfn qua c\u1ed5ng thanh to\u00e1n ZaloPay b\u1eb1ng th\u1ebb ATM trong n\u01b0\u1edbc.<\/li>\n    <li>Thanh to\u00e1n tr\u1ef1c tuy\u1ebfn qua c\u1ed5ng thanh to\u00e1n ZaloPay b\u1eb1ng th\u1ebb Visa \/ Master \/ JCB<\/li>\n    <li>Thanh to\u00e1n tr\u1ef1c tuy\u1ebfn qua \u1ee9ng d\u1ee5ng VNPay b\u1eb1ng m\u00e3 QR<\/li>\n    <li>Thanh to\u00e1n tr\u1ef1c tuy\u1ebfn qua c\u1ed5ng thanh to\u00e1n VNPay b\u1eb1ng th\u1ebb ATM trong n\u01b0\u1edbc.<\/li>\n    <li>Thanh to\u00e1n tr\u1ef1c tuy\u1ebfn qua c\u1ed5ng thanh to\u00e1n VNPay b\u1eb1ng th\u1ebb Visa \/ Master \/ JCB<\/li>\n  <\/ul>\n\n<\/div>\n\t\t\t\t\t\t\t\t<\/div>\n\t\t\t\t\t<\/div>\n\t\t\t\t<\/div>\n\t\t\t\t<\/div>","protected":false},"excerpt":{"rendered":"<p>Payment Policy Allasiaconnect.com is committed to delivering a convenient and flexible shopping experience for customers. At this time, Allasiaconnect.com accepts the payment methods listed below: 1. Cash on Delivery (COD) COD (Cash on Delivery): The delivery staff collects cash from the customer directly upon delivery. 2. Bank Transfer to ALL ASIA CONNECT Customers may make [&hellip;]<\/p>\n","protected":false},"author":13,"featured_media":0,"parent":0,"menu_order":0,"comment_status":"closed","ping_status":"closed","template":"","meta":{"_acf_changed":false,"footnotes":""},"class_list":["post-4316","page","type-page","status-publish","hentry"],"acf":[],"_links":{"self":[{"href":"https:\/\/allasiaconnect.com\/vi\/wp-json\/wp\/v2\/pages\/4316","targetHints":{"allow":["GET"]}}],"collection":[{"href":"https:\/\/allasiaconnect.com\/vi\/wp-json\/wp\/v2\/pages"}],"about":[{"href":"https:\/\/allasiaconnect.com\/vi\/wp-json\/wp\/v2\/types\/page"}],"author":[{"embeddable":true,"href":"https:\/\/allasiaconnect.com\/vi\/wp-json\/wp\/v2\/users\/13"}],"replies":[{"embeddable":true,"href":"https:\/\/allasiaconnect.com\/vi\/wp-json\/wp\/v2\/comments?post=4316"}],"version-history":[{"count":0,"href":"https:\/\/allasiaconnect.com\/vi\/wp-json\/wp\/v2\/pages\/4316\/revisions"}],"wp:attachment":[{"href":"https:\/\/allasiaconnect.com\/vi\/wp-json\/wp\/v2\/media?parent=4316"}],"curies":[{"name":"wp","href":"https:\/\/api.w.org\/{rel}","templated":true}]}}