{"id":4311,"date":"2025-11-24T06:28:10","date_gmt":"2025-11-24T06:28:10","guid":{"rendered":"https:\/\/allasiaconnect.com\/?page_id=4311"},"modified":"2025-11-24T19:16:08","modified_gmt":"2025-11-24T19:16:08","slug":"chinh-sach-van-chuyen","status":"publish","type":"page","link":"https:\/\/allasiaconnect.com\/vi\/chinh-sach-van-chuyen\/","title":{"rendered":"Ch\u00ednh s\u00e1ch v\u1eadn chuy\u1ec3n"},"content":{"rendered":"<div data-elementor-type=\"wp-page\" data-elementor-id=\"4311\" class=\"elementor elementor-4311\" data-elementor-post-type=\"page\">\n\t\t\t\t<div class=\"elementor-element elementor-element-719fefe e-flex e-con-boxed e-con e-parent\" data-id=\"719fefe\" data-element_type=\"container\" data-e-type=\"container\" data-settings=\"{&quot;jet_parallax_layout_list&quot;:[]}\">\n\t\t\t\t\t<div class=\"e-con-inner\">\n\t\t\t\t<div class=\"elementor-element elementor-element-a299844 elementor-widget elementor-widget-heading\" data-id=\"a299844\" data-element_type=\"widget\" data-e-type=\"widget\" data-widget_type=\"heading.default\">\n\t\t\t\t\t<h2 class=\"elementor-heading-title elementor-size-default\">Ch\u00ednh s\u00e1ch v\u1eadn chuy\u1ec3n<\/h2>\t\t\t\t<\/div>\n\t\t\t\t\t<\/div>\n\t\t\t\t<\/div>\n\t\t<div class=\"elementor-element elementor-element-ff7f3fc e-flex e-con-boxed e-con e-parent\" data-id=\"ff7f3fc\" data-element_type=\"container\" data-e-type=\"container\" data-settings=\"{&quot;jet_parallax_layout_list&quot;:[]}\">\n\t\t\t\t\t<div class=\"e-con-inner\">\n\t\t\t\t<div class=\"elementor-element elementor-element-a24d116 elementor-widget elementor-widget-text-editor\" data-id=\"a24d116\" data-element_type=\"widget\" data-e-type=\"widget\" data-widget_type=\"text-editor.default\">\n\t\t\t\t\t\t\t\t\t<h3 style=\"color:#000000;\">Ph\u1ea1m vi v\u1eadn chuy\u1ec3n<\/h3>\n  <p>\n    Ch\u00fang t\u00f4i cung c\u1ea5p d\u1ecbch v\u1ee5 v\u1eadn chuy\u1ec3n \u0111\u1ebfn h\u1ea7u h\u1ebft c\u00e1c \u0111\u1ecba \u0111i\u1ec3m tr\u00ean to\u00e0n qu\u1ed1c th\u00f4ng qua c\u00e1c \u0111\u01a1n v\u1ecb v\u1eadn chuy\u1ec3n uy t\u00edn nh\u01b0 VNPT, Viettel v\u00e0 c\u00e1c \u0111\u1ed1i t\u00e1c giao h\u00e0ng \u0111\u00e1ng tin c\u1eady kh\u00e1c.\n  <\/p>\n  <p>\n    Tr\u01b0\u1edbc khi giao h\u00e0ng, kh\u00e1ch h\u00e0ng ph\u1ea3i thanh to\u00e1n to\u00e0n b\u1ed9 gi\u00e1 tr\u1ecb \u0111\u01a1n h\u00e0ng. N\u1ebfu h\u00e0ng h\u00f3a \u0111\u01b0\u1ee3c v\u1eadn chuy\u1ec3n b\u1eb1ng d\u1ecbch v\u1ee5 xe kh\u00e1ch, nh\u00e0 \u0111i\u1ec1u h\u00e0nh xe kh\u00e1ch ph\u1ea3i thanh to\u00e1n to\u00e0n b\u1ed9 gi\u00e1 tr\u1ecb \u0111\u01a1n h\u00e0ng tr\u01b0\u1edbc khi nh\u1eadn h\u00e0ng. Kh\u00e1ch h\u00e0ng \u0111\u01b0\u1ee3c khuy\u1ebfn kh\u00edch y\u00eau c\u1ea7u nh\u00e0 \u0111i\u1ec1u h\u00e0nh xe kh\u00e1ch ki\u1ec3m tra k\u1ef9 s\u1ea3n ph\u1ea9m tr\u01b0\u1edbc khi nh\u1eadn h\u00e0ng.\n  <\/p>\n\n  <h3 style=\"color:#000000;\">Chi ph\u00ed v\u1eadn chuy\u1ec3n &amp; Th\u1eddi gian giao h\u00e0ng<\/h3>\n  <h4 style=\"color:#000000; margin-top:12px;\">2.1 Ph\u00ed v\u1eadn chuy\u1ec3n<\/h4>\n  <p>\n    Ph\u00ed v\u1eadn chuy\u1ec3n ph\u1ee5 thu\u1ed9c v\u00e0o \u0111\u1ecba \u0111i\u1ec3m giao h\u00e0ng v\u00e0 \u0111\u01b0\u1ee3c t\u00ednh d\u1ef1a tr\u00ean b\u1ea3ng gi\u00e1 c\u1ee7a c\u00e1c \u0111\u1ed1i t\u00e1c logistics c\u1ee7a ch\u00fang t\u00f4i.\n  <\/p>\n\n  <h4 style=\"color:#000000; margin-top:12px;\">2.2 Th\u1eddi gian giao h\u00e0ng<\/h4>\n  <p>\n    Th\u1eddi gian giao h\u00e0ng th\u01b0\u1eddng dao \u0111\u1ed9ng t\u1eeb <strong>2\u20133 ng\u00e0y<\/strong>, t\u00f9y thu\u1ed9c v\u00e0o kho\u1ea3ng c\u00e1ch \u0111\u1ecba l\u00fd.\n  <\/p>\n  <p>\n    Trong tr\u01b0\u1eddng h\u1ee3p c\u00f3 s\u1ef1 ch\u1eadm tr\u1ec5 b\u1ea5t ng\u1edd trong vi\u1ec7c giao h\u00e0ng s\u1ea3n ph\u1ea9m ho\u1eb7c d\u1ecbch v\u1ee5 b\u1ea3o h\u00e0nh\/b\u1ea3o tr\u00ec, \u0111\u1ed9i ng\u0169 H\u1ed7 tr\u1ee3 Kh\u00e1ch h\u00e0ng c\u1ee7a ch\u00fang t\u00f4i s\u1ebd c\u1ed1 g\u1eafng li\u00ean h\u1ec7 v\u00e0 th\u00f4ng b\u00e1o cho kh\u00e1ch h\u00e0ng \u00edt nh\u1ea5t <strong>24 gi\u1edd tr\u01b0\u1edbc<\/strong>.\n  <\/p>\n\n  <h3 style=\"color:#000000;\">Tr\u00e1ch nhi\u1ec7m c\u1ee7a \u0111\u01a1n v\u1ecb v\u1eadn chuy\u1ec3n<\/h3>\n  <p>\n    D\u1ecbch v\u1ee5 v\u1eadn chuy\u1ec3n ch\u1ecbu tr\u00e1ch nhi\u1ec7m v\u1ec1 h\u00e0ng h\u00f3a v\u00e0 m\u1ecdi r\u1ee7i ro \u2014 nh\u01b0 m\u1ea5t m\u00e1t ho\u1eb7c h\u01b0 h\u1ecfng \u2014 trong qu\u00e1 tr\u00ecnh v\u1eadn chuy\u1ec3n cho \u0111\u1ebfn khi s\u1ea3n ph\u1ea9m \u0111\u01b0\u1ee3c giao cho kh\u00e1ch h\u00e0ng.\n  <\/p>\n  <p>\n    Kh\u00e1ch h\u00e0ng c\u00f3 tr\u00e1ch nhi\u1ec7m ki\u1ec3m tra h\u00e0ng h\u00f3a khi nh\u1eadn h\u00e0ng. N\u1ebfu s\u1ea3n ph\u1ea9m b\u1ecb h\u01b0 h\u1ecfng, tr\u1ea7y x\u01b0\u1edbc, n\u1ee9t v\u1ee1, m\u00f3p m\u00e9o ho\u1eb7c kh\u00f4ng \u0111\u00fang v\u1edbi \u0111\u01a1n \u0111\u1eb7t h\u00e0ng, kh\u00e1ch h\u00e0ng ph\u1ea3i ghi ch\u00e9p t\u00ecnh tr\u1ea1ng s\u1ea3n ph\u1ea9m c\u00f9ng v\u1edbi nh\u00e2n vi\u00ean giao h\u00e0ng v\u00e0 th\u00f4ng b\u00e1o cho ch\u00fang t\u00f4i ngay l\u1eadp t\u1ee9c.\n  <\/p>\n  <p>\n    Sau khi kh\u00e1ch h\u00e0ng k\u00fd x\u00e1c nh\u1eadn giao h\u00e0ng m\u00e0 kh\u00f4ng c\u00f3 ghi ch\u00fa ho\u1eb7c ph\u1ea3n h\u1ed3i, \u0111\u01a1n h\u00e0ng \u0111\u01b0\u1ee3c coi l\u00e0 ho\u00e0n t\u1ea5t v\u00e0 \u0111\u01b0\u1ee3c ch\u1ea5p nh\u1eadn. Ch\u00fang t\u00f4i s\u1ebd kh\u00f4ng ch\u1ecbu tr\u00e1ch nhi\u1ec7m \u0111\u1ed1i v\u1edbi c\u00e1c y\u00eau c\u1ea7u \u0111\u1ed5i tr\u1ea3 sau n\u00e0y do h\u01b0 h\u1ecfng, tr\u1ea7y x\u01b0\u1edbc, v\u1ebft l\u00f5m ho\u1eb7c s\u1ea3n ph\u1ea9m kh\u00f4ng \u0111\u00fang.\n  <\/p>\n  <p>\n    N\u1ebfu kh\u00e1ch h\u00e0ng t\u1ef1 ch\u1ecdn d\u1ecbch v\u1ee5 v\u1eadn chuy\u1ec3n ho\u1eb7c nh\u1edd ng\u01b0\u1eddi quen nh\u1eadn h\u00e0ng, kh\u00e1ch h\u00e0ng s\u1ebd ch\u1ecbu to\u00e0n b\u1ed9 tr\u00e1ch nhi\u1ec7m v\u1ec1 m\u1ecdi r\u1ee7i ro \u2014 bao g\u1ed3m m\u1ea5t m\u00e1t ho\u1eb7c h\u01b0 h\u1ecfng \u2014 trong qu\u00e1 tr\u00ecnh v\u1eadn chuy\u1ec3n v\u00e0 s\u1ebd ch\u1ecbu m\u1ecdi chi ph\u00ed li\u00ean quan.\n  <\/p>\n\n  <h3 style=\"color:#000000;\">Tr\u00e1ch nhi\u1ec7m v\u1ec1 t\u00e0i li\u1ec7u<\/h3>\n  <p>\n    Allasiaconnect.com \u0111\u1ea3m b\u1ea3o r\u1eb1ng m\u1ed7i g\u00f3i h\u00e0ng \u0111\u1ec1u k\u00e8m theo h\u00f3a \u0111\u01a1n b\u00e1n h\u00e0ng v\u00e0 c\u00e1c t\u00e0i li\u1ec7u li\u00ean quan ch\u1ee9ng minh vi\u1ec7c ph\u00e2n ph\u1ed1i s\u1ea3n ph\u1ea9m h\u1ee3p ph\u00e1p. Nh\u00e2n vi\u00ean giao h\u00e0ng c\u00f3 th\u1ec3 xu\u1ea5t tr\u00ecnh c\u00e1c t\u00e0i li\u1ec7u n\u00e0y l\u00e0m b\u1eb1ng ch\u1ee9ng v\u1ec1 ngu\u1ed3n g\u1ed1c s\u1ea3n ph\u1ea9m n\u1ebfu \u0111\u01b0\u1ee3c c\u00e1c c\u01a1 quan c\u00f3 th\u1ea9m quy\u1ec1n y\u00eau c\u1ea7u trong qu\u00e1 tr\u00ecnh v\u1eadn chuy\u1ec3n.\n  <\/p>\n\n  <h3 style=\"color:#000000;\">H\u1ed7 tr\u1ee3 kh\u00e1ch h\u00e0ng<\/h3>\n  <p>\n    \u0110\u1ed1i v\u1edbi b\u1ea5t k\u1ef3 c\u00e2u h\u1ecfi ho\u1eb7c th\u1eafc m\u1eafc n\u00e0o li\u00ean quan \u0111\u1ebfn Ch\u00ednh s\u00e1ch V\u1eadn chuy\u1ec3n ho\u1eb7c \u0111\u01a1n h\u00e0ng c\u1ee7a qu\u00fd kh\u00e1ch, vui l\u00f2ng li\u00ean h\u1ec7 v\u1edbi \u0111\u1ed9i ng\u0169 D\u1ecbch v\u1ee5 Kh\u00e1ch h\u00e0ng c\u1ee7a ch\u00fang t\u00f4i:\n  <\/p>\n  <p>\n    <strong>\u0110i\u1ec7n tho\u1ea1i:<\/strong> 0902 971 279\n  <\/p>\n  <p>\n    Ch\u00fang t\u00f4i lu\u00f4n s\u1eb5n l\u00f2ng h\u1ed7 tr\u1ee3. Ch\u00fang t\u00f4i hy v\u1ecdng Ch\u00ednh s\u00e1ch V\u1eadn chuy\u1ec3n n\u00e0y s\u1ebd gi\u00fap \u0111\u1ea3m b\u1ea3o m\u1ed9t tr\u1ea3i nghi\u1ec7m mua s\u1eafm tr\u1ef1c tuy\u1ebfn thu\u1eadn ti\u1ec7n v\u00e0 su\u00f4n s\u1ebb.\n  <\/p>\n\n<\/div>\n\t\t\t\t\t\t\t\t<\/div>\n\t\t\t\t\t<\/div>\n\t\t\t\t<\/div>\n\t\t\t\t<\/div>","protected":false},"excerpt":{"rendered":"<p>Shipping Policy Shipping Coverage We provide shipping services to most locations nationwide through reputable carriers such as VNPT, Viettel, and other trusted delivery partners. Before delivery, customers are required to pay the full order value. If goods are sent via passenger coach service, the bus operator must pay the full order value before receiving the [&hellip;]<\/p>\n","protected":false},"author":13,"featured_media":0,"parent":0,"menu_order":0,"comment_status":"closed","ping_status":"closed","template":"","meta":{"_acf_changed":false,"footnotes":""},"class_list":["post-4311","page","type-page","status-publish","hentry"],"acf":[],"_links":{"self":[{"href":"https:\/\/allasiaconnect.com\/vi\/wp-json\/wp\/v2\/pages\/4311","targetHints":{"allow":["GET"]}}],"collection":[{"href":"https:\/\/allasiaconnect.com\/vi\/wp-json\/wp\/v2\/pages"}],"about":[{"href":"https:\/\/allasiaconnect.com\/vi\/wp-json\/wp\/v2\/types\/page"}],"author":[{"embeddable":true,"href":"https:\/\/allasiaconnect.com\/vi\/wp-json\/wp\/v2\/users\/13"}],"replies":[{"embeddable":true,"href":"https:\/\/allasiaconnect.com\/vi\/wp-json\/wp\/v2\/comments?post=4311"}],"version-history":[{"count":0,"href":"https:\/\/allasiaconnect.com\/vi\/wp-json\/wp\/v2\/pages\/4311\/revisions"}],"wp:attachment":[{"href":"https:\/\/allasiaconnect.com\/vi\/wp-json\/wp\/v2\/media?parent=4311"}],"curies":[{"name":"wp","href":"https:\/\/api.w.org\/{rel}","templated":true}]}}