{"id":4306,"date":"2025-11-24T06:24:25","date_gmt":"2025-11-24T06:24:25","guid":{"rendered":"https:\/\/allasiaconnect.com\/?page_id=4306"},"modified":"2025-11-24T19:07:37","modified_gmt":"2025-11-24T19:07:37","slug":"chinh-sach-kiem-hang","status":"publish","type":"page","link":"https:\/\/allasiaconnect.com\/vi\/chinh-sach-kiem-hang\/","title":{"rendered":"Ch\u00ednh s\u00e1ch ki\u1ec3m tra \/ Ch\u00ednh s\u00e1ch ki\u1ec3m tra s\u1ea3n ph\u1ea9m"},"content":{"rendered":"<div data-elementor-type=\"wp-page\" data-elementor-id=\"4306\" class=\"elementor elementor-4306\" data-elementor-post-type=\"page\">\n\t\t\t\t<div class=\"elementor-element elementor-element-115b395 e-flex e-con-boxed e-con e-parent\" data-id=\"115b395\" data-element_type=\"container\" data-e-type=\"container\" data-settings=\"{&quot;jet_parallax_layout_list&quot;:[]}\">\n\t\t\t\t\t<div class=\"e-con-inner\">\n\t\t\t\t<div class=\"elementor-element elementor-element-a14e16e elementor-widget elementor-widget-heading\" data-id=\"a14e16e\" data-element_type=\"widget\" data-e-type=\"widget\" data-widget_type=\"heading.default\">\n\t\t\t\t\t<h2 class=\"elementor-heading-title elementor-size-default\">Ch\u00ednh s\u00e1ch ki\u1ec3m tra \/ Ch\u00ednh s\u00e1ch ki\u1ec3m tra s\u1ea3n ph\u1ea9m<\/h2>\t\t\t\t<\/div>\n\t\t\t\t\t<\/div>\n\t\t\t\t<\/div>\n\t\t<div class=\"elementor-element elementor-element-b738b7f e-flex e-con-boxed e-con e-parent\" data-id=\"b738b7f\" data-element_type=\"container\" data-e-type=\"container\" data-settings=\"{&quot;jet_parallax_layout_list&quot;:[]}\">\n\t\t\t\t\t<div class=\"e-con-inner\">\n\t\t\t\t<div class=\"elementor-element elementor-element-3cc67a9 elementor-widget elementor-widget-text-editor\" data-id=\"3cc67a9\" data-element_type=\"widget\" data-e-type=\"widget\" data-widget_type=\"text-editor.default\">\n\t\t\t\t\t\t\t\t\t\n\n  <p>\n    \u0110\u1ec3 b\u1ea3o v\u1ec7 quy\u1ec1n l\u1ee3i c\u1ee7a kh\u00e1ch h\u00e0ng khi mua s\u1eafm tr\u00ean website Allasiaconnect.com, ch\u00fang t\u00f4i \u00e1p d\u1ee5ng ch\u00ednh s\u00e1ch cho ph\u00e9p kh\u00e1ch h\u00e0ng ki\u1ec3m tra v\u00e0 x\u00e1c minh s\u1ea3n ph\u1ea9m c\u00f9ng v\u1edbi nh\u00e2n vi\u00ean giao h\u00e0ng t\u1ea1i th\u1eddi \u0111i\u1ec3m nh\u1eadn h\u00e0ng. \u0110i\u1ec1u n\u00e0y c\u00f3 ngh\u0129a l\u00e0 khi nh\u1eadn g\u00f3i h\u00e0ng t\u1eeb nh\u00e2n vi\u00ean giao h\u00e0ng, qu\u00fd kh\u00e1ch c\u00f3 th\u1ec3 m\u1edf g\u00f3i h\u00e0ng \u0111\u1ec3 ki\u1ec3m tra s\u1ea3n ph\u1ea9m b\u1eb1ng m\u1eaft tr\u01b0\u1edbc khi thanh to\u00e1n.\n  <\/p>\n\n  <h3 style=\"color:#000000;\">Ghi ch\u00fa<\/h3>\n  <ul>\n    <li>\n      Ki\u1ec3m tra xem s\u1ea3n ph\u1ea9m c\u00f3 kh\u1edbp v\u1edbi \u0111\u01a1n \u0111\u1eb7t h\u00e0ng c\u1ee7a b\u1ea1n kh\u00f4ng: s\u1ed1 l\u01b0\u1ee3ng, m\u1eabu m\u00e3, m\u00f4 t\u1ea3, v\u00e0 xem c\u00f3 b\u1ea5t k\u1ef3 h\u01b0 h\u1ecfng, n\u1ee9t v\u1ee1 ho\u1eb7c tr\u1ea7y x\u01b0\u1edbc n\u00e0o trong qu\u00e1 tr\u00ecnh v\u1eadn chuy\u1ec3n hay kh\u00f4ng. Vi\u1ec7c ki\u1ec3m tra c\u00f3 th\u1ec3 bao g\u1ed3m ki\u1ec3m tra tem ni\u00eam phong s\u1ea3n ph\u1ea9m, nh\u00e3n ch\u1ed1ng h\u00e0ng gi\u1ea3, v\u00e0 so s\u00e1nh s\u1ea3n ph\u1ea9m v\u1edbi h\u00f3a \u0111\u01a1n mua h\u00e0ng. <strong>Vi\u1ec7c th\u1eed nghi\u1ec7m\/s\u1eed d\u1ee5ng s\u1ea3n ph\u1ea9m kh\u00f4ng \u0111\u01b0\u1ee3c ph\u00e9p.<\/strong>\n    <\/li>\n    <li>\n      N\u1ebfu c\u00f3 ng\u01b0\u1eddi kh\u00e1c nh\u1eadn h\u00e0ng thay cho b\u1ea1n, h\u1ecd c\u0169ng ph\u1ea3i ki\u1ec3m tra k\u1ef9 s\u1ea3n ph\u1ea9m tr\u01b0\u1edbc khi nh\u1eadn.\n    <\/li>\n    <li>\n      N\u1ebfu nh\u00e2n vi\u00ean giao h\u00e0ng y\u00eau c\u1ea7u b\u1ea1n k\u00fd x\u00e1c nh\u1eadn ki\u1ec3m tra chung (x\u00e1c nh\u1eadn r\u1eb1ng b\u1ea1n \u0111\u00e3 ki\u1ec3m tra v\u00e0 nh\u1eadn \u0111\u1ea7y \u0111\u1ee7 s\u1ea3n ph\u1ea9m), vui l\u00f2ng th\u1ef1c hi\u1ec7n \u0111\u1ea7y \u0111\u1ee7 quy\u1ec1n ki\u1ec3m tra theo ch\u00ednh s\u00e1ch c\u1ee7a Allasiaconnect.com tr\u01b0\u1edbc khi k\u00fd.\n    <\/li>\n    <li>\n      N\u1ebfu trong qu\u00e1 tr\u00ecnh ki\u1ec3m tra chung, b\u1ea1n ph\u00e1t hi\u1ec7n s\u1ea3n ph\u1ea9m kh\u00f4ng \u0111\u00fang ho\u1eb7c c\u00f3 d\u1ea5u hi\u1ec7u h\u01b0 h\u1ecfng, \n      <strong>B\u1ea1n c\u00f3 quy\u1ec1n t\u1eeb ch\u1ed1i \u0111\u01a1n h\u00e0ng.<\/strong>\n    <\/li>\n  <\/ul>\n\n  <p>\n    \u0110\u1ec3 bi\u1ebft th\u00eam chi ti\u1ebft, vui l\u00f2ng li\u00ean h\u1ec7 v\u1edbi ch\u00fang t\u00f4i:<br>\n    <strong>\u0110i\u1ec7n tho\u1ea1i:<\/strong> 0902 971 279<br>\n    <strong>Email:<\/strong> cass@allasiaconnect.com\n  <\/p>\n\n<\/div>\n\t\t\t\t\t\t\t\t<\/div>\n\t\t\t\t\t<\/div>\n\t\t\t\t<\/div>\n\t\t\t\t<\/div>","protected":false},"excerpt":{"rendered":"<p>Inspection Policy \/ Product Checking Policy To maximize customers\u2019 rights when shopping on the website Allasiaconnect.com, we provide a policy that allows customers to inspect and verify the product together with the delivery staff at the time of receipt. This means that when you receive the package from the delivery employee, you are allowed to [&hellip;]<\/p>\n","protected":false},"author":13,"featured_media":0,"parent":0,"menu_order":0,"comment_status":"closed","ping_status":"closed","template":"","meta":{"_acf_changed":false,"footnotes":""},"class_list":["post-4306","page","type-page","status-publish","hentry"],"acf":[],"_links":{"self":[{"href":"https:\/\/allasiaconnect.com\/vi\/wp-json\/wp\/v2\/pages\/4306","targetHints":{"allow":["GET"]}}],"collection":[{"href":"https:\/\/allasiaconnect.com\/vi\/wp-json\/wp\/v2\/pages"}],"about":[{"href":"https:\/\/allasiaconnect.com\/vi\/wp-json\/wp\/v2\/types\/page"}],"author":[{"embeddable":true,"href":"https:\/\/allasiaconnect.com\/vi\/wp-json\/wp\/v2\/users\/13"}],"replies":[{"embeddable":true,"href":"https:\/\/allasiaconnect.com\/vi\/wp-json\/wp\/v2\/comments?post=4306"}],"version-history":[{"count":0,"href":"https:\/\/allasiaconnect.com\/vi\/wp-json\/wp\/v2\/pages\/4306\/revisions"}],"wp:attachment":[{"href":"https:\/\/allasiaconnect.com\/vi\/wp-json\/wp\/v2\/media?parent=4306"}],"curies":[{"name":"wp","href":"https:\/\/api.w.org\/{rel}","templated":true}]}}