{"id":4301,"date":"2025-11-24T06:19:46","date_gmt":"2025-11-24T06:19:46","guid":{"rendered":"https:\/\/allasiaconnect.com\/?page_id=4301"},"modified":"2025-11-24T19:05:18","modified_gmt":"2025-11-24T19:05:18","slug":"chinh-sach-bao-hanh","status":"publish","type":"page","link":"https:\/\/allasiaconnect.com\/vi\/chinh-sach-bao-hanh\/","title":{"rendered":"Ch\u00ednh s\u00e1ch b\u1ea3o h\u00e0nh"},"content":{"rendered":"<div data-elementor-type=\"wp-page\" data-elementor-id=\"4301\" class=\"elementor elementor-4301\" data-elementor-post-type=\"page\">\n\t\t\t\t<div class=\"elementor-element elementor-element-d7b992f e-flex e-con-boxed e-con e-parent\" data-id=\"d7b992f\" data-element_type=\"container\" data-e-type=\"container\" data-settings=\"{&quot;jet_parallax_layout_list&quot;:[]}\">\n\t\t\t\t\t<div class=\"e-con-inner\">\n\t\t\t\t<div class=\"elementor-element elementor-element-8fbd08a elementor-widget elementor-widget-heading\" data-id=\"8fbd08a\" data-element_type=\"widget\" data-e-type=\"widget\" data-widget_type=\"heading.default\">\n\t\t\t\t\t<h2 class=\"elementor-heading-title elementor-size-default\">Ch\u00ednh s\u00e1ch b\u1ea3o h\u00e0nh<\/h2>\t\t\t\t<\/div>\n\t\t\t\t\t<\/div>\n\t\t\t\t<\/div>\n\t\t<div class=\"elementor-element elementor-element-39e919a e-flex e-con-boxed e-con e-parent\" data-id=\"39e919a\" data-element_type=\"container\" data-e-type=\"container\" data-settings=\"{&quot;jet_parallax_layout_list&quot;:[]}\">\n\t\t\t\t\t<div class=\"e-con-inner\">\n\t\t\t\t<div class=\"elementor-element elementor-element-cb87214 elementor-widget elementor-widget-text-editor\" data-id=\"cb87214\" data-element_type=\"widget\" data-e-type=\"widget\" data-widget_type=\"text-editor.default\">\n\t\t\t\t\t\t\t\t\t <h3 style=\"color:#000000;\">C\u00e1c tr\u01b0\u1eddng h\u1ee3p \u0111\u1ee7 \u0111i\u1ec1u ki\u1ec7n b\u1ea3o h\u00e0nh<\/h3>\n  <ul>\n    <li>S\u1ea3n ph\u1ea9m \u0111\u01b0\u1ee3c giao kh\u00f4ng gi\u1ed1ng v\u1edbi h\u00ecnh \u1ea3nh ho\u1eb7c m\u00f4 t\u1ea3 \u0111\u01b0\u1ee3c cung c\u1ea5p ho\u1eb7c hi\u1ec3n th\u1ecb tr\u00ean trang web.<\/li>\n  <\/ul>\n\n  <h3 style=\"color:#000000;\">C\u00e1c tr\u01b0\u1eddng h\u1ee3p kh\u00f4ng \u0111\u01b0\u1ee3c b\u1ea3o h\u00e0nh<\/h3>\n  <ul>\n    <li>S\u1ea3n ph\u1ea9m b\u1ecb tr\u1ea7y x\u01b0\u1edbc do s\u1eed d\u1ee5ng l\u00e2u ng\u00e0y.<\/li>\n    <li>S\u1ea3n ph\u1ea9m b\u1ecb m\u00f3p m\u00e9o ho\u1eb7c bi\u1ebfn d\u1ea1ng do va ch\u1ea1m.<\/li>\n    <li>S\u1ea3n ph\u1ea9m \u0111\u00e3 b\u1ecb g\u1ee1 b\u1ecf nh\u00e3n m\u00e1c ho\u1eb7c con d\u1ea5u c\u1ee7a nh\u00e0 s\u1ea3n xu\u1ea5t.<\/li>\n  <\/ul>\n\n  <h3 style=\"color:#000000;\">Quy tr\u00ecnh b\u1ea3o h\u00e0nh &amp; Th\u00f4ng tin li\u00ean h\u1ec7<\/h3>\n  <p>\n    Ch\u00fang t\u00f4i khuy\u1ebfn kh\u00edch kh\u00e1ch h\u00e0ng g\u1eedi s\u1ea3n ph\u1ea9m tr\u1ef1c ti\u1ebfp \u0111\u1ebfn v\u0103n ph\u00f2ng c\u1ee7a ch\u00fang t\u00f4i \u0111\u1ec3 nh\u1eadn \u0111\u01b0\u1ee3c d\u1ecbch v\u1ee5 b\u1ea3o h\u00e0nh nhanh nh\u1ea5t:\n  <\/p>\n  <p>\n    <strong>T\u1ea7ng 6, T\u00f2a nh\u00e0 Me Linh Point, S\u1ed1 2 \u0110\u01b0\u1eddng Ng\u00f4 \u0110\u1ee9c K\u1ebf, Ph\u01b0\u1eddng S\u00e0i G\u00f2n, Th\u00e0nh ph\u1ed1 H\u1ed3 Ch\u00ed Minh<\/strong>\n  <\/p>\n\n  <p>\n    N\u1ebfu kh\u00e1ch h\u00e0ng g\u1eedi s\u1ea3n ph\u1ea9m qua Allasiaconnect.com, th\u1eddi gian b\u1ea3o h\u00e0nh d\u1ef1 ki\u1ebfn l\u00e0\n    <strong>3\u20135 ng\u00e0y k\u1ec3 t\u1eeb ng\u00e0y ch\u00fang t\u00f4i nh\u1eadn \u0111\u01b0\u1ee3c s\u1ea3n ph\u1ea9m.<\/strong>. Th\u1eddi gian ch\u00ednh x\u00e1c ph\u1ee5 thu\u1ed9c v\u00e0o lo\u1ea1i l\u1ed7i \u0111\u01b0\u1ee3c ph\u00e1t hi\u1ec7n (kh\u00f4ng bao g\u1ed3m th\u1eddi gian v\u1eadn chuy\u1ec3n hai chi\u1ec1u).\n  <\/p>\n\n  <p>\n    \u0110\u1ec3 \u0111\u01b0\u1ee3c gi\u1ea3i \u0111\u00e1p th\u1eafc m\u1eafc ho\u1eb7c h\u01b0\u1edbng d\u1eabn chi ti\u1ebft v\u1ec1 quy tr\u00ecnh b\u1ea3o h\u00e0nh c\u1ee7a Allasiaconnect.com, vui l\u00f2ng li\u00ean h\u1ec7:\n  <\/p>\n  <p>\n    <strong>\u0110i\u1ec7n tho\u1ea1i:<\/strong> 0902 971 279<br>\n    <strong>Email:<\/strong> cass@allasiaconnect.com\n  <\/p>\n\n<\/div>\n\t\t\t\t\t\t\t\t<\/div>\n\t\t\t\t\t<\/div>\n\t\t\t\t<\/div>\n\t\t\t\t<\/div>","protected":false},"excerpt":{"rendered":"<p>Warranty Policy Cases Eligible for Warranty The delivered product is not the same as the image or description provided or displayed on the website. Cases Not Eligible for Warranty The product is scratched due to long-term use. The product is dented or deformed due to impact. The product has had the manufacturer&#8217;s label or stamp [&hellip;]<\/p>\n","protected":false},"author":13,"featured_media":0,"parent":0,"menu_order":0,"comment_status":"closed","ping_status":"closed","template":"","meta":{"_acf_changed":false,"footnotes":""},"class_list":["post-4301","page","type-page","status-publish","hentry"],"acf":[],"_links":{"self":[{"href":"https:\/\/allasiaconnect.com\/vi\/wp-json\/wp\/v2\/pages\/4301","targetHints":{"allow":["GET"]}}],"collection":[{"href":"https:\/\/allasiaconnect.com\/vi\/wp-json\/wp\/v2\/pages"}],"about":[{"href":"https:\/\/allasiaconnect.com\/vi\/wp-json\/wp\/v2\/types\/page"}],"author":[{"embeddable":true,"href":"https:\/\/allasiaconnect.com\/vi\/wp-json\/wp\/v2\/users\/13"}],"replies":[{"embeddable":true,"href":"https:\/\/allasiaconnect.com\/vi\/wp-json\/wp\/v2\/comments?post=4301"}],"version-history":[{"count":0,"href":"https:\/\/allasiaconnect.com\/vi\/wp-json\/wp\/v2\/pages\/4301\/revisions"}],"wp:attachment":[{"href":"https:\/\/allasiaconnect.com\/vi\/wp-json\/wp\/v2\/media?parent=4301"}],"curies":[{"name":"wp","href":"https:\/\/api.w.org\/{rel}","templated":true}]}}