{"id":10,"date":"2025-07-13T11:15:38","date_gmt":"2025-07-13T11:15:38","guid":{"rendered":"https:\/\/allasiaconnect.com\/my-account\/"},"modified":"2026-01-26T15:49:10","modified_gmt":"2026-01-26T15:49:10","slug":"my-account","status":"publish","type":"page","link":"https:\/\/allasiaconnect.com\/vi\/my-account\/","title":{"rendered":"T\u00e0i kho\u1ea3n c\u1ee7a t\u00f4i"},"content":{"rendered":"<div data-elementor-type=\"wp-page\" data-elementor-id=\"10\" class=\"elementor elementor-10\" data-elementor-post-type=\"page\">\n\t\t\t\t\t\t<section class=\"elementor-section elementor-top-section elementor-element elementor-element-692ea26e elementor-section-height-min-height elementor-section-boxed elementor-section-height-default elementor-section-items-middle\" data-id=\"692ea26e\" data-element_type=\"section\" data-e-type=\"section\" data-settings=\"{&quot;background_background&quot;:&quot;classic&quot;,&quot;jet_parallax_layout_list&quot;:[]}\">\n\t\t\t\t\t\t\t<div class=\"elementor-background-overlay\"><\/div>\n\t\t\t\t\t\t\t<div class=\"elementor-container elementor-column-gap-default\">\n\t\t\t\t\t<div class=\"elementor-column elementor-col-100 elementor-top-column elementor-element elementor-element-361c000b\" data-id=\"361c000b\" data-element_type=\"column\" data-e-type=\"column\">\n\t\t\t<div class=\"elementor-widget-wrap elementor-element-populated\">\n\t\t\t\t\t\t<div class=\"elementor-element elementor-element-ef42ca2 elementor-invisible elementor-widget elementor-widget-heading\" data-id=\"ef42ca2\" data-element_type=\"widget\" data-e-type=\"widget\" data-settings=\"{&quot;_animation&quot;:&quot;fadeIn&quot;}\" data-widget_type=\"heading.default\">\n\t\t\t\t\t<h2 class=\"elementor-heading-title elementor-size-default\">T\u00e0i kho\u1ea3n c\u1ee7a t\u00f4i<\/h2>\t\t\t\t<\/div>\n\t\t\t\t<div class=\"elementor-element elementor-element-fa80bef elementor-widget elementor-widget-woocommerce-breadcrumb\" data-id=\"fa80bef\" data-element_type=\"widget\" data-e-type=\"widget\" data-widget_type=\"woocommerce-breadcrumb.default\">\n\t\t\t\t\t<nav class=\"woocommerce-breadcrumb\" aria-label=\"Breadcrumb\" data-no-translation=\"\" data-trp-gettext=\"\">Trang ch\u1ee7<\/nav>\t\t\t\t<\/div>\n\t\t\t\t\t<\/div>\n\t\t<\/div>\n\t\t\t\t\t<\/div>\n\t\t<\/section>\n\t\t<div class=\"elementor-element elementor-element-8a8a167 e-flex e-con-boxed e-con e-parent\" data-id=\"8a8a167\" data-element_type=\"container\" data-e-type=\"container\" data-settings=\"{&quot;jet_parallax_layout_list&quot;:[]}\">\n\t\t\t\t\t<div class=\"e-con-inner\">\n\t\t\t\t<div class=\"elementor-element elementor-element-2a71393 e-my-account-tabs-vertical elementor-widget elementor-widget-woocommerce-my-account\" data-id=\"2a71393\" data-element_type=\"widget\" data-e-type=\"widget\" data-widget_type=\"woocommerce-my-account.default\">\n\t\t\t\t\t<div class=\"e-my-account-tab e-my-account-tab__\">\t\t\t<div class=\"woocommerce\"><\/div>\t\t<\/div>\n\t\t\t\t\t\t<\/div>\n\t\t\t\t\t<\/div>\n\t\t\t\t<\/div>\n\t\t\t\t<\/div>","protected":false},"excerpt":{"rendered":"<p>B\u1ea3ng \u0111i\u1ec1u khi\u1ec3n t\u00e0i kho\u1ea3n \u0110\u01a1n h\u00e0ng \u0110\u1ecba ch\u1ec9 Chi ti\u1ebft t\u00e0i kho\u1ea3n \u0110\u0103ng xu\u1ea5t B\u1ea3ng \u0111i\u1ec1u khi\u1ec3n li\u00ean k\u1ebft Ch\u00e0o admin (kh\u00f4ng ph\u1ea3i admin? \u0110\u0103ng xu\u1ea5t) T\u1eeb b\u1ea3ng \u0111i\u1ec1u khi\u1ec3n t\u00e0i kho\u1ea3n c\u1ee7a b\u1ea1n, b\u1ea1n c\u00f3 th\u1ec3 xem c\u00e1c \u0111\u01a1n h\u00e0ng g\u1ea7n \u0111\u00e2y, qu\u1ea3n l\u00fd \u0111\u1ecba ch\u1ec9 giao h\u00e0ng v\u00e0 thanh to\u00e1n, c\u0169ng nh\u01b0 ch\u1ec9nh s\u1eeda m\u1eadt kh\u1ea9u v\u00e0 chi ti\u1ebft t\u00e0i kho\u1ea3n.<\/p>","protected":false},"author":13,"featured_media":0,"parent":0,"menu_order":0,"comment_status":"closed","ping_status":"closed","template":"","meta":{"_acf_changed":false,"footnotes":""},"class_list":["post-10","page","type-page","status-publish","hentry"],"acf":[],"_links":{"self":[{"href":"https:\/\/allasiaconnect.com\/vi\/wp-json\/wp\/v2\/pages\/10","targetHints":{"allow":["GET"]}}],"collection":[{"href":"https:\/\/allasiaconnect.com\/vi\/wp-json\/wp\/v2\/pages"}],"about":[{"href":"https:\/\/allasiaconnect.com\/vi\/wp-json\/wp\/v2\/types\/page"}],"author":[{"embeddable":true,"href":"https:\/\/allasiaconnect.com\/vi\/wp-json\/wp\/v2\/users\/13"}],"replies":[{"embeddable":true,"href":"https:\/\/allasiaconnect.com\/vi\/wp-json\/wp\/v2\/comments?post=10"}],"version-history":[{"count":0,"href":"https:\/\/allasiaconnect.com\/vi\/wp-json\/wp\/v2\/pages\/10\/revisions"}],"wp:attachment":[{"href":"https:\/\/allasiaconnect.com\/vi\/wp-json\/wp\/v2\/media?parent=10"}],"curies":[{"name":"wp","href":"https:\/\/api.w.org\/{rel}","templated":true}]}}